{"id":1317,"date":"2012-02-02T23:50:55","date_gmt":"2012-02-02T22:50:55","guid":{"rendered":"http:\/\/www.hsc1881.de\/blog\/?page_id=1317"},"modified":"2014-10-22T22:55:22","modified_gmt":"2014-10-22T20:55:22","slug":"impressum","status":"publish","type":"page","link":"https:\/\/hsc1881.de\/eiskunstlauf\/kontakt\/impressum\/","title":{"rendered":"Impressum"},"content":{"rendered":"<div>\n<h3>Die Website wird durch den HSC ver\u00f6ffentlicht\u00a0.<\/h3>\n<p>Anfragen werden von dieser Homepage (eMail) direkt an den HSC weitergeleitet.<br \/>\nJanuar 2007<\/p>\n<p>Copyright by HSC und Dritten, die die Nutzung unter www.hsc1881.de gestattet haben. Alle Grafiken, Bilder, Texte und Programmierung dieser WebSite sind urheberrechtlich gesch\u00fctzt. Alle Rechte vorbehalten.<\/p>\n<p><strong>Inhaltliche Verantwortung: <\/strong><br \/>\nHSC Hamburger Schlittschuh Club v. 1881 e.V.<br \/>\nBuchholzer Landstr. 53a<br \/>\n21244 Buchholz\/Holm-Seppensen<\/p>\n<p>Tel. +49 (0)4187\/425201<br \/>\nE-Mail:<a href=\"mailto:info@hsc1881.de\"> info@hsc1881.de<\/a><\/p>\n<p><strong>Gesch\u00e4ftsleitung:<\/strong><br \/>\nHerr Henrik Sachs<\/p>\n<p><strong>Presseinformationen und -anfragen:<br \/>\n<\/strong><a href=\"mailto:info@hsc1881.de\">presse@hsc1881.de<\/a><\/p>\n<p>Die Webseiten erheben keinen Anspruch auf Vollst\u00e4ndigkeit, Irrtum vorbehalten.<\/p>\n<h3><a name=\"Disclaimer\"><\/a><\/h3>\n<p>Aus der Nutzung dieser WebSite k\u00f6nnen durch den Benutzer keinerlei rechtliche Anspr\u00fcche abgeleitet werden. Der Autor \u00fcbernimmt keinerlei Gew\u00e4hr f\u00fcr die Aktualit\u00e4t, Vollst\u00e4ndigkeit, Korrektheit oder Qualit\u00e4t der bereitgestellten Informationen. Irrt\u00fcmer und \u00c4nderungen, auch bei Preis- und Terminangaben, vorbehalten.<br \/>\nAuf verschiedenen Seiten dieser WebSite k\u00f6nnen sich Verweise (Links) auf Internetseiten Dritter befinden, bzw. k\u00f6nnen Dritte eigene Inhalte (z.B. G\u00e4stebuch) ver\u00f6ffentlichen.<br \/>\nWir erkl\u00e4ren ausdr\u00fccklich, dass wir keinerlei Einfluss auf die Gestaltung und die Inhalte der gelinkten Seiten haben. Deshalb distanzieren wir uns hiermit ausdr\u00fccklich von allen Inhalten aller gelinkten Seiten auf unserer gesamten Internetpr\u00e4senz und machen uns diese Inhalte nicht zu Eigen, des Weiteren \u00fcbernehmen wir keinerlei Haftung f\u00fcr jedwede Aussage, die auf den von uns gelinkten Seiten getroffen wird.<br \/>\nSollten Inhalte Dritter gegen deutsches Recht, bzw. die allgemein g\u00fcltige Moral und \u00c4sthetik versto\u00dfen, wird der Betreiber nach berechtigter Anzeige und Kenntnis der Sachlage diese Links und Inhalte von seiner WebSite entfernen. Sollten durch diese WebSite unbeabsichtigt Rechte Dritter verletzt werden, ist dies dem Betreiber der WebSite umgehend mitzuteilen. Der Betreiber wird bei berechtigten Anspr\u00fcchen die entsprechenden Seiten korrigieren. Ein Rechtsanspruch, bzw. Schuldanerkenntnis ist hieraus nicht abzuleiten.<br \/>\nDiese Erkl\u00e4rung gilt f\u00fcr alle auf unserer Internetpr\u00e4senz ausgebrachten Links und f\u00fcr alle Inhalte der Seiten, zu denen die bei uns ausgebrachten Links und Banner f\u00fchren.<\/p>\n<p>Wird die M\u00f6glichkeit zur Eingabe pers\u00f6nlicher oder gesch\u00e4ftlicher Daten genutzt, so erfolgt dies seitens des Nutzers auf ausdr\u00fccklich freiwilliger Basis. Die Nutzung der im Rahmen dieses Internetauftritts ver\u00f6ffentlichten Kontaktdaten wie Postanschriften, Telefon- und Faxnummern sowie Emailadressen durch Dritte zur \u00dcbersendung von nicht ausdr\u00fccklich angeforderten Informationen ist nicht gestattet. Rechtliche Schritte gegen die Versender bei Verst\u00f6ssen gegen dieses Verbot sind ausdr\u00fccklich vorbehalten.<\/p>\n<\/div>\n","protected":false},"excerpt":{"rendered":"<p>Die Website wird durch den HSC ver\u00f6ffentlicht\u00a0. Anfragen werden von dieser Homepage (eMail) direkt an den HSC weitergeleitet. Januar 2007 Copyright by HSC und Dritten, die die Nutzung unter www.hsc1881.de gestattet haben. Alle Grafiken, Bilder, Texte und Programmierung dieser WebSite sind urheberrechtlich gesch\u00fctzt. Alle Rechte vorbehalten. Inhaltliche Verantwortung: HSC Hamburger Schlittschuh Club v. 1881 e.V. [&hellip;]<\/p>\n","protected":false},"author":11,"featured_media":0,"parent":28,"menu_order":0,"comment_status":"closed","ping_status":"closed","template":"page-c2right.php","meta":{"ngg_post_thumbnail":0,"footnotes":""},"class_list":["post-1317","page","type-page","status-publish","hentry"],"_links":{"self":[{"href":"https:\/\/hsc1881.de\/eiskunstlauf\/wp-json\/wp\/v2\/pages\/1317","targetHints":{"allow":["GET"]}}],"collection":[{"href":"https:\/\/hsc1881.de\/eiskunstlauf\/wp-json\/wp\/v2\/pages"}],"about":[{"href":"https:\/\/hsc1881.de\/eiskunstlauf\/wp-json\/wp\/v2\/types\/page"}],"author":[{"embeddable":true,"href":"https:\/\/hsc1881.de\/eiskunstlauf\/wp-json\/wp\/v2\/users\/11"}],"replies":[{"embeddable":true,"href":"https:\/\/hsc1881.de\/eiskunstlauf\/wp-json\/wp\/v2\/comments?post=1317"}],"version-history":[{"count":9,"href":"https:\/\/hsc1881.de\/eiskunstlauf\/wp-json\/wp\/v2\/pages\/1317\/revisions"}],"predecessor-version":[{"id":2499,"href":"https:\/\/hsc1881.de\/eiskunstlauf\/wp-json\/wp\/v2\/pages\/1317\/revisions\/2499"}],"up":[{"embeddable":true,"href":"https:\/\/hsc1881.de\/eiskunstlauf\/wp-json\/wp\/v2\/pages\/28"}],"wp:attachment":[{"href":"https:\/\/hsc1881.de\/eiskunstlauf\/wp-json\/wp\/v2\/media?parent=1317"}],"curies":[{"name":"wp","href":"https:\/\/api.w.org\/{rel}","templated":true}]}}