{"id":1422,"date":"2014-12-15T12:36:56","date_gmt":"2014-12-15T11:36:56","guid":{"rendered":"http:\/\/www.hsc1881.de\/blog\/?page_id=1422"},"modified":"2017-10-30T00:24:09","modified_gmt":"2017-10-29T23:24:09","slug":"ausfluege","status":"publish","type":"page","link":"https:\/\/hsc1881.de\/eiskunstlauf\/aktivitaten\/ausfluege\/","title":{"rendered":"Ausfl\u00fcge"},"content":{"rendered":"<h3>Der HSC auf der Duckomenta \u2013 MomEnte der Weltgeschichte<\/h3>\n<p><img decoding=\"async\" src=\"http:\/\/hsc1881.de\/eiskunstlauf\/wp-content\/uploads\/2016\/12\/Duckomenta_klein.jpg\" style=\"float:left;\" hspace=\"11\" vspace=\"5\">Wir hatten am 24. September 2017 unseren Ausflug ins Helms-Museum in Hamburg \u2013 Harburg. Hier haben wir die Ausstellung \u201eDuckomenta \u2013 MomEnte der Weltgeschichte\u201c besucht und viele bekannte und beliebte Meisterwerke sowie historische Zeitdokumente aus den verschiedenen Epochen \u2013 vom urzeitlichen \u201eDuckaeopterix\u201c bis zum ersten, nicht ganz menschlichen Fu\u00dfabdruck auf dem Mond \u2013 bewundert.<br \/>\nEinige Bilder von unserem Ausflug k\u00f6nnt Ihr <a href=\"http:\/\/hsc1881.de\/eiskunstlauf\/ausflug-zur-ausstellung-duckomenta-momente-der-weltgeschichte\/\">hier<\/a> sehen <small>(nur f\u00fcr Mitglieder)<\/small>.<\/p>\n<hr width=\"100%\" size=\"1px\" noshade>\n<h3>Der HSC geht auf&#8217;s Wasser<\/h3>\n<p>Auf Einladung des HSC-Vorstands sind die engagierten Michel-Helfer am 16. Juli 2017 auf&#8217;s Wasser gegangen.<br \/>\nNachdem wir uns bei einem leckeren Brunch gest\u00e4rkt haben, ging es 2 Stunden \u00fcber die Alsterkan\u00e4le.<br \/>\nDa konnte man doch auch den einen oder anderen Sportler entdecken, wenn auch ohne Schlittschuhe &#8230;<br \/>\nEine kleine Bilderauswahl ist <a href=\"http:\/\/hsc1881.de\/eiskunstlauf\/der-hsc-geht-aufs-wasser\/\">hier<\/a> zu finden (nur f\u00fcr Mitglieder).<\/p>\n<p><img loading=\"lazy\" decoding=\"async\" src=\"http:\/\/hsc1881.de\/eiskunstlauf\/wp-content\/uploads\/2016\/12\/06-IMG_4216-300x200.jpg\" alt=\"\" width=\"300\" height=\"200\" class=\"alignnone size-medium wp-image-3844\" srcset=\"https:\/\/hsc1881.de\/eiskunstlauf\/wp-content\/uploads\/2016\/12\/06-IMG_4216-300x200.jpg 300w, https:\/\/hsc1881.de\/eiskunstlauf\/wp-content\/uploads\/2016\/12\/06-IMG_4216-768x512.jpg 768w, https:\/\/hsc1881.de\/eiskunstlauf\/wp-content\/uploads\/2016\/12\/06-IMG_4216.jpg 1024w\" sizes=\"auto, (max-width: 300px) 100vw, 300px\" \/><img loading=\"lazy\" decoding=\"async\" src=\"http:\/\/hsc1881.de\/eiskunstlauf\/wp-content\/uploads\/2016\/12\/21-IMG_4275-300x200.jpg\" alt=\"\" width=\"300\" height=\"200\" class=\"alignnone size-medium wp-image-3845\" srcset=\"https:\/\/hsc1881.de\/eiskunstlauf\/wp-content\/uploads\/2016\/12\/21-IMG_4275-300x200.jpg 300w, https:\/\/hsc1881.de\/eiskunstlauf\/wp-content\/uploads\/2016\/12\/21-IMG_4275-768x512.jpg 768w, https:\/\/hsc1881.de\/eiskunstlauf\/wp-content\/uploads\/2016\/12\/21-IMG_4275.jpg 1024w\" sizes=\"auto, (max-width: 300px) 100vw, 300px\" \/><\/p>\n<hr width=\"100%\" size=\"1px\" noshade>\n<h3>Der HSC unter Wasser<\/h3>\n<p>Im Oktober 2016 fand wieder ein gemeinsamer Ausflug statt, dieses mal in das Aquarium vom Tierpark Hagenbeck.<br \/>\nNeben einer Rallye durch das Aquarium wurde auch das gro\u00dfe R\u00e4tsel gel\u00f6st: wo ist Dorie? Mehr Bilder gibt es f\u00fcr <a href=\"http:\/\/hsc1881.de\/eiskunstlauf\/Ausflug-Hagenbeck-2016\/\">Mitglieder<\/a><\/p>\n<p><img decoding=\"async\" src=\"http:\/\/hsc1881.de\/eiskunstlauf\/wp-content\/uploads\/2016\/10\/Aquarium_1_small.jpg\"> <img decoding=\"async\" src=\"http:\/\/hsc1881.de\/eiskunstlauf\/wp-content\/uploads\/2016\/10\/Aquarium_3_small.jpg\"> <img decoding=\"async\" src=\"http:\/\/hsc1881.de\/eiskunstlauf\/wp-content\/uploads\/2016\/10\/Aquarium_2_small.jpg\"><\/p>\n<hr width=\"100%\" size=\"1px\" noshade>\n<h3>Weihnachten on Ice<\/h3>\n<p>Sicher kein Ausflug, aber mindestens genauso wichtig und beliebt.<br \/>\nDie kleinen aus dem Sternekurs wurden vom Weihnachtsmann besucht. Unsere Gr\u00f6\u00dferen treffen sich sich zur Eisdisco nur f\u00fcr die Hamburger Ice Kids. Da sie wohl nicht mehr an den Weihnachtsmann glauben, kommt alternativ der Pizza Man und macht alle satt und gl\u00fccklich.<\/p>\n<p><a href=\"http:\/\/hsc1881.de\/eiskunstlauf\/wp-content\/uploads\/2014\/12\/weih2.jpg\"><img decoding=\"async\" src=\"http:\/\/hsc1881.de\/eiskunstlauf\/wp-content\/uploads\/2014\/12\/weih2.jpg\" alt=\"weih2015\" style=\"width:45%;float:right;padding-left:10px;\"  class=\"alignleft size-thumbnail wp-image-2608\" \/><\/a><a href=\"http:\/\/hsc1881.de\/eiskunstlauf\/wp-content\/uploads\/2014\/12\/weih1.jog_.jpg\"><img decoding=\"async\" src=\"http:\/\/hsc1881.de\/eiskunstlauf\/wp-content\/uploads\/2014\/12\/weih1.jog_.jpg\" alt=\"weih2015\" width=\"45%\" class=\"alignleft size-thumbnail wp-image-2609\" \/><\/a><\/p>\n<p>&nbsp;<\/p>\n<h3>HSC im Kiekeberg am 29.11.2015<\/h3>\n<p>Unser Ausflug zum Freilichtmuseum am Kiekeberg fand am 1. Advent statt. Wir haben uns um 12 Uhr vor dem Eingang getroffen. Ein paar Eltern waren<br \/>\nauch mitgekommen. Zusammen waren wir Pl\u00e4tzchen backen in der Lehrk\u00fcche des Agrariums. Die Kinder haben alle einen Teig bekommen, den sie<br \/>\nkneten, ausrollen und dann ausstechen konnten. W\u00e4hrend die Pl\u00e4tzchen im Backofen waren, wurden die Kekst\u00fcten gebastelt. Die fertigen Pl\u00e4tzchen<br \/>\nwurden dann noch sch\u00f6n mit Zuckerguss und bunten Perlen verziert. Marcus und ich (Melanie) haben ganz viele Fotos gemacht. Danach gingen wir alle<br \/>\nzusammen etwas Essen und Trinken. Sp\u00e4ter durften die Kinder noch Kerzen f\u00e4rben und verzieren und einige haben sogar noch beim Bernsteinschleifen<br \/>\nmitgemacht. Zum Schluss sind wir noch einmal kurz \u00fcber das Gel\u00e4nde des Museums spaziert und haben uns die St\u00e4nde der Kunsthandwerker angeschaut.<\/p>\n<p><a href=\"http:\/\/hsc1881.de\/eiskunstlauf\/wp-content\/uploads\/2014\/12\/kieke1.jpg\"><img loading=\"lazy\" decoding=\"async\" width=\"1600\" height=\"1072\" src=\"http:\/\/hsc1881.de\/eiskunstlauf\/wp-content\/uploads\/2014\/12\/kieke1.jpg\" alt=\"kieke1\" style=\"width:30%;float:right;padding-left:10px;\" class=\"alignleft size-thumbnail wp-image-2991\" srcset=\"https:\/\/hsc1881.de\/eiskunstlauf\/wp-content\/uploads\/2014\/12\/kieke1.jpg 1600w, https:\/\/hsc1881.de\/eiskunstlauf\/wp-content\/uploads\/2014\/12\/kieke1-300x201.jpg 300w, https:\/\/hsc1881.de\/eiskunstlauf\/wp-content\/uploads\/2014\/12\/kieke1-1024x686.jpg 1024w\" sizes=\"auto, (max-width: 1600px) 100vw, 1600px\" \/><\/a><a href=\"http:\/\/hsc1881.de\/eiskunstlauf\/wp-content\/uploads\/2014\/12\/kieke2.jpg\"><img decoding=\"async\" src=\"http:\/\/hsc1881.de\/eiskunstlauf\/wp-content\/uploads\/2014\/12\/kieke2.jpg\" alt=\"kieke2\" style=\"width:30%;float:right;padding-left:10px;\" class=\"alignleft size-thumbnail wp-image-2992\" \/><\/a><a href=\"http:\/\/hsc1881.de\/eiskunstlauf\/wp-content\/uploads\/2014\/12\/kieke3.jpg\"><img loading=\"lazy\" decoding=\"async\" width=\"1600\" height=\"1072\" src=\"http:\/\/hsc1881.de\/eiskunstlauf\/wp-content\/uploads\/2014\/12\/kieke3.jpg\" alt=\"kieke3\" style=\"width:30%;\" class=\"alignleft size-thumbnail wp-image-2993\" srcset=\"https:\/\/hsc1881.de\/eiskunstlauf\/wp-content\/uploads\/2014\/12\/kieke3.jpg 1600w, https:\/\/hsc1881.de\/eiskunstlauf\/wp-content\/uploads\/2014\/12\/kieke3-300x201.jpg 300w, https:\/\/hsc1881.de\/eiskunstlauf\/wp-content\/uploads\/2014\/12\/kieke3-1024x686.jpg 1024w\" sizes=\"auto, (max-width: 1600px) 100vw, 1600px\" \/><\/a><br \/>\n<br style=\"clear:both;\" \/><\/p>\n<hr>\n<h3><a href=\"http:\/\/hsc1881.de\/eiskunstlauf\/wp-content\/uploads\/2014\/11\/holiday-on-ice.jpg\"><img decoding=\"async\" src=\"http:\/\/hsc1881.de\/eiskunstlauf\/wp-content\/uploads\/2014\/11\/holiday-on-ice.jpg\" alt=\"Ausflug zu Holiday on Ice\" style=\"width:50%;float:right;padding-left:20px;\" \/><\/a>Holiday on Ice- 70 Jahr Erfolgs-Show<\/h3>\n<p>Am 09.02.2014 hat sich eine kleine Schar HSCler aufgemacht zu Holiday on Ice &#8222;Platinum&#8220;.<br \/>\nWir hatten tolle Pl\u00e4tze, alle in einer Reihe, und haben die Show sehr genossen.<br \/>\nK\u00fcnstler aus den USA, Canada, Russland und der Ukraine zeigte ihr beachtliches K\u00f6nnen. Norbert Schramm, Eislauf Star aus den 80er Jahren, f\u00fchrte durch ein schillerndes Programm. Er nahm uns mit auf eine Zeitreise, beginnend in den swingenden 40er Jahren, \u00fcber die 70er, mit viel Gospel, die 80er, in denen Norbert Schramm stilgebend war, bis in die Gegenwart, mit einem mitrei\u00dfenden Beitrag der heuteigen Clubszene. Supersound und kunstvolle Lichteffekte untermalten die Szenen perfekt. Highlights der Auff\u00fchrung waren die wundersch\u00f6nen Kost\u00fcme, einige von Harald Gl\u00f6\u00f6ckler geschneidert und die fesselnde Luftakrobatik.<br \/>\nEinfach atemberaubend! Das allgemeine Niveau der eisl\u00e4uferischen Darbietungen war hoch und ansprechend.<\/p>\n<p>Die kleine HSC Truppe machte sich in der Pause noch n\u00fctzlich und verteilte ein paar von unseren Flyern, an einige Kinder und Eltern<br \/>\ndie Interesse hatten. Aufgefallen waren wir durch unsere neuen Clubjacken, die uns sogar ein kleines Geschenk, einen Schl\u00fcsselanh\u00e4nger f\u00fcr jeden einbrachte. Wir w\u00fcrden das gerne noch einmal wiederholen in der n\u00e4chsten Saison, dann vielleicht mit ein paar mehr Teilnehmern. Au\u00dferdem plane ich dann vor Ort einen kleinen, offiziellen Infostand aufzustellen, um \u00fcber den HSC zu informieren.<br \/>\nAm liebesten mit ein , zwei Kindern im K\u00fcrkleid&#8230;.Alles in allem ein gelungener &#8222;Club-Ausflug&#8220; !<\/p>\n<hr>\n<h3><a href=\"http:\/\/hsc1881.de\/eiskunstlauf\/wp-content\/uploads\/2014\/03\/Einladung-Zeppelin-HSC-13.jpg\"><img decoding=\"async\" src=\"http:\/\/hsc1881.de\/eiskunstlauf\/wp-content\/uploads\/2014\/03\/Einladung-Zeppelin-HSC-13.jpg\" alt=\"Einladung Zeppelin HSC (13)\" style=\"width:50%;float:right;padding-left:20px;\" \/><\/a>&#8222;Dankesch\u00f6n-Essen&#8220;<\/h3>\n<p>Einladung unseres Ehrenpr\u00e4sidenten Hans-Wolfgang Bracht, als Dankesch\u00f6n an alle<br \/>\nMitwirkenden des Michels 2014 in das Restaurant &#8222;Zeppelin&#8220;<\/p>\n<hr style=\"clear:both;\">\n<h3>Geselligkeitsabend beim Trainingslager in Willingen Sommer 2014<\/h3>\n<p><a href=\"http:\/\/hsc1881.de\/eiskunstlauf\/wp-content\/uploads\/2014\/12\/Willingen-Geselligkeit-1.jpg\"><img loading=\"lazy\" decoding=\"async\" width=\"800\" height=\"533\" src=\"http:\/\/hsc1881.de\/eiskunstlauf\/wp-content\/uploads\/2014\/12\/Willingen-Geselligkeit-1.jpg\" alt=\"Willingen Geselligkeit (1)\" style=\"width:45%;float:right;padding-left:10px;\"  class=\"alignleft size-thumbnail wp-image-2608\" srcset=\"https:\/\/hsc1881.de\/eiskunstlauf\/wp-content\/uploads\/2014\/12\/Willingen-Geselligkeit-1.jpg 800w, https:\/\/hsc1881.de\/eiskunstlauf\/wp-content\/uploads\/2014\/12\/Willingen-Geselligkeit-1-300x199.jpg 300w\" sizes=\"auto, (max-width: 800px) 100vw, 800px\" \/><\/a><a href=\"http:\/\/hsc1881.de\/eiskunstlauf\/wp-content\/uploads\/2014\/12\/Willingen-Geselligkeit-2.jpg\"><img decoding=\"async\" src=\"http:\/\/hsc1881.de\/eiskunstlauf\/wp-content\/uploads\/2014\/12\/Willingen-Geselligkeit-2.jpg\" alt=\"Willingen Geselligkeit (2)\" width=\"45%\" class=\"alignleft size-thumbnail wp-image-2609\" srcset=\"https:\/\/hsc1881.de\/eiskunstlauf\/wp-content\/uploads\/2014\/12\/Willingen-Geselligkeit-2.jpg 800w, https:\/\/hsc1881.de\/eiskunstlauf\/wp-content\/uploads\/2014\/12\/Willingen-Geselligkeit-2-300x199.jpg 300w\" sizes=\"(max-width: 800px) 100vw, 800px\" \/><\/a><\/p>\n<hr style=\"clear:both;\">\n<h3>Trainingslager in Willingen Sommer 2014<\/h3>\n<p><a href=\"http:\/\/hsc1881.de\/eiskunstlauf\/wp-content\/uploads\/2014\/12\/willingen2014.jpg\"><img loading=\"lazy\" decoding=\"async\" width=\"800\" height=\"533\" src=\"http:\/\/hsc1881.de\/eiskunstlauf\/wp-content\/uploads\/2014\/12\/willingen2014.jpg\" alt=\"willingen2014\" style=\"width:30%;float:right;padding-left:10px;\"  class=\"alignleft size-thumbnail wp-image-2615\" srcset=\"https:\/\/hsc1881.de\/eiskunstlauf\/wp-content\/uploads\/2014\/12\/willingen2014.jpg 800w, https:\/\/hsc1881.de\/eiskunstlauf\/wp-content\/uploads\/2014\/12\/willingen2014-300x199.jpg 300w\" sizes=\"auto, (max-width: 800px) 100vw, 800px\" \/><\/a><a href=\"http:\/\/hsc1881.de\/eiskunstlauf\/wp-content\/uploads\/2014\/12\/willingen2014-2.jpg\"><img loading=\"lazy\" decoding=\"async\" width=\"800\" height=\"533\" src=\"http:\/\/hsc1881.de\/eiskunstlauf\/wp-content\/uploads\/2014\/12\/willingen2014-2.jpg\" alt=\"willingen2014-2\" style=\"width:30%;float:right;padding-left:10px;\" class=\"alignleft size-thumbnail wp-image-2616\" srcset=\"https:\/\/hsc1881.de\/eiskunstlauf\/wp-content\/uploads\/2014\/12\/willingen2014-2.jpg 800w, https:\/\/hsc1881.de\/eiskunstlauf\/wp-content\/uploads\/2014\/12\/willingen2014-2-300x199.jpg 300w\" sizes=\"auto, (max-width: 800px) 100vw, 800px\" \/><\/a><a href=\"http:\/\/hsc1881.de\/eiskunstlauf\/wp-content\/uploads\/2014\/12\/willingen2014-3.jpg\"><img decoding=\"async\" src=\"http:\/\/hsc1881.de\/eiskunstlauf\/wp-content\/uploads\/2014\/12\/willingen2014-3.jpg\" alt=\"willingen2014-3\" width=\"30%\" class=\"alignleft size-thumbnail wp-image-2617\" srcset=\"https:\/\/hsc1881.de\/eiskunstlauf\/wp-content\/uploads\/2014\/12\/willingen2014-3.jpg 800w, https:\/\/hsc1881.de\/eiskunstlauf\/wp-content\/uploads\/2014\/12\/willingen2014-3-300x199.jpg 300w\" sizes=\"(max-width: 800px) 100vw, 800px\" \/><\/a><\/p>\n","protected":false},"excerpt":{"rendered":"<p>Der HSC auf der Duckomenta \u2013 MomEnte der Weltgeschichte Wir hatten am 24. September 2017 unseren Ausflug ins Helms-Museum in Hamburg \u2013 Harburg. Hier haben wir die Ausstellung \u201eDuckomenta \u2013 MomEnte der Weltgeschichte\u201c besucht und viele bekannte und beliebte Meisterwerke sowie historische Zeitdokumente aus den verschiedenen Epochen \u2013 vom urzeitlichen \u201eDuckaeopterix\u201c bis zum ersten, nicht [&hellip;]<\/p>\n","protected":false},"author":11,"featured_media":0,"parent":374,"menu_order":3,"comment_status":"closed","ping_status":"closed","template":"","meta":{"ngg_post_thumbnail":0,"footnotes":""},"class_list":["post-1422","page","type-page","status-publish","hentry"],"_links":{"self":[{"href":"https:\/\/hsc1881.de\/eiskunstlauf\/wp-json\/wp\/v2\/pages\/1422","targetHints":{"allow":["GET"]}}],"collection":[{"href":"https:\/\/hsc1881.de\/eiskunstlauf\/wp-json\/wp\/v2\/pages"}],"about":[{"href":"https:\/\/hsc1881.de\/eiskunstlauf\/wp-json\/wp\/v2\/types\/page"}],"author":[{"embeddable":true,"href":"https:\/\/hsc1881.de\/eiskunstlauf\/wp-json\/wp\/v2\/users\/11"}],"replies":[{"embeddable":true,"href":"https:\/\/hsc1881.de\/eiskunstlauf\/wp-json\/wp\/v2\/comments?post=1422"}],"version-history":[{"count":62,"href":"https:\/\/hsc1881.de\/eiskunstlauf\/wp-json\/wp\/v2\/pages\/1422\/revisions"}],"predecessor-version":[{"id":4109,"href":"https:\/\/hsc1881.de\/eiskunstlauf\/wp-json\/wp\/v2\/pages\/1422\/revisions\/4109"}],"up":[{"embeddable":true,"href":"https:\/\/hsc1881.de\/eiskunstlauf\/wp-json\/wp\/v2\/pages\/374"}],"wp:attachment":[{"href":"https:\/\/hsc1881.de\/eiskunstlauf\/wp-json\/wp\/v2\/media?parent=1422"}],"curies":[{"name":"wp","href":"https:\/\/api.w.org\/{rel}","templated":true}]}}