{"id":152,"date":"2009-11-09T00:35:49","date_gmt":"2009-11-08T22:35:49","guid":{"rendered":"http:\/\/www.hsc1881.de\/blog\/?page_id=152"},"modified":"2024-10-27T13:54:51","modified_gmt":"2024-10-27T12:54:51","slug":"bilder","status":"publish","type":"page","link":"https:\/\/hsc1881.de\/eiskunstlauf\/verein\/bilder\/","title":{"rendered":"Bilder und Video"},"content":{"rendered":"<p>Das ist der HSC<br \/>\n<div style=\"width: 625px;\" class=\"wp-video\"><video class=\"wp-video-shortcode\" id=\"video-152-1\" width=\"625\" height=\"417\" preload=\"metadata\" controls=\"controls\"><source type=\"video\/mp4\" src=\"http:\/\/hsc1881.de\/eiskunstlauf\/wp-content\/uploads\/2009\/11\/HSC-Imagevideo.mp4?_=1\" \/><a href=\"http:\/\/hsc1881.de\/eiskunstlauf\/wp-content\/uploads\/2009\/11\/HSC-Imagevideo.mp4\">http:\/\/hsc1881.de\/eiskunstlauf\/wp-content\/uploads\/2009\/11\/HSC-Imagevideo.mp4<\/a><\/video><\/div><\/p>\n<hr width=\"100%\" size=\"1\" noshade>\n<p>Die folgenden Vereins-Bilder wurden freundlicherweise von <a title=\"enno friedrich artfoto\" href=\"http:\/\/www.ef-artfoto.de\/\">Enno Friedrich<\/a> exklusiv f\u00fcr diese Internet-Pr\u00e4senz zur Verf\u00fcgung gestellt.<\/p>\nngg_shortcode_0_placeholder\nngg_shortcode_1_placeholder\n","protected":false},"excerpt":{"rendered":"<p>Das ist der HSC Die folgenden Vereins-Bilder wurden freundlicherweise von Enno Friedrich exklusiv f\u00fcr diese Internet-Pr\u00e4senz zur Verf\u00fcgung gestellt.<\/p>\n","protected":false},"author":1,"featured_media":0,"parent":6,"menu_order":6,"comment_status":"closed","ping_status":"open","template":"page-c2right.php","meta":{"ngg_post_thumbnail":0,"footnotes":""},"class_list":["post-152","page","type-page","status-publish","hentry"],"_links":{"self":[{"href":"https:\/\/hsc1881.de\/eiskunstlauf\/wp-json\/wp\/v2\/pages\/152","targetHints":{"allow":["GET"]}}],"collection":[{"href":"https:\/\/hsc1881.de\/eiskunstlauf\/wp-json\/wp\/v2\/pages"}],"about":[{"href":"https:\/\/hsc1881.de\/eiskunstlauf\/wp-json\/wp\/v2\/types\/page"}],"author":[{"embeddable":true,"href":"https:\/\/hsc1881.de\/eiskunstlauf\/wp-json\/wp\/v2\/users\/1"}],"replies":[{"embeddable":true,"href":"https:\/\/hsc1881.de\/eiskunstlauf\/wp-json\/wp\/v2\/comments?post=152"}],"version-history":[{"count":14,"href":"https:\/\/hsc1881.de\/eiskunstlauf\/wp-json\/wp\/v2\/pages\/152\/revisions"}],"predecessor-version":[{"id":5664,"href":"https:\/\/hsc1881.de\/eiskunstlauf\/wp-json\/wp\/v2\/pages\/152\/revisions\/5664"}],"up":[{"embeddable":true,"href":"https:\/\/hsc1881.de\/eiskunstlauf\/wp-json\/wp\/v2\/pages\/6"}],"wp:attachment":[{"href":"https:\/\/hsc1881.de\/eiskunstlauf\/wp-json\/wp\/v2\/media?parent=152"}],"curies":[{"name":"wp","href":"https:\/\/api.w.org\/{rel}","templated":true}]}}