{"id":2,"date":"2014-11-17T23:12:25","date_gmt":"2014-11-17T22:12:25","guid":{"rendered":"http:\/\/www.hsc1881.de\/blog\/?page_id=2"},"modified":"2025-04-23T20:06:51","modified_gmt":"2025-04-23T18:06:51","slug":"training","status":"publish","type":"page","link":"https:\/\/hsc1881.de\/eiskunstlauf\/training\/","title":{"rendered":"Training"},"content":{"rendered":"<p>Eiskunstlaufen ist ein wundervoller Sport f\u00fcr Gro\u00df und Klein. Der HSC bietet allen Alters- und Leistungsstufen die M\u00f6glichkeit, unter Aufsicht von Trainern und Fach\u00fcbungsleitern zu trainieren. Jeder findet bei uns &#8222;seinen&#8220; Platz: kleine Kinder, die ihre ersten Versuche auf dem Eis starten, Leistungsl\u00e4ufer und Erwachsene, die wieder oder auch ganz neu mit dem Eissport anfangen. Die Leistungsgruppen erhalten gezielte F\u00f6rderung, um an Wettk\u00e4mpfen bis hin zur Deutschen Meisterschaft teilzunehmen.<\/p>\n<table style=\"border: 0 none; background-color: none;\" cellpadding=\"5px;\">\n<tbody>\n<tr>\n<td style=\"border: 0 none; background-color: none; background: none;\">F\u00fcr die Wettkampfkategorien und auch zur eigenen Motivation werden regelm\u00e4\u00dfig Pr\u00fcfungen abgelegt, dies beginnt mit den Vorklassen und geht dann mit den K\u00fcrklassen der Deutschen Eislauf-Union weiter.<\/td>\n<td style=\"border: 0 none; background-color: none; background: none;\">&nbsp;<\/td>\n<\/tr>\n<\/tbody>\n<\/table>\n<h3><strong>Trainingsst\u00e4tten<\/strong><\/h3>\n<p>Das Training findet an folgenden Orten statt:<\/p>\n<p><!--\n\n\n<tr>\n\n\n<td style=\"border:0 none;background-color:none;background:none;\">\n\n\n<div style=\"width:243px;padding:5px;border:0.5px #bbbbbb solid;background-color:#eeeeee;text-align:center;\"><a href=\"http:\/\/hsc1881.de\/eiskunstlauf\/wp-content\/uploads\/2009\/08\/adendorf.jpg\"><img decoding=\"async\" src=\"http:\/\/hsc1881.de\/eiskunstlauf\/wp-content\/uploads\/2009\/08\/adendorf.jpg\" alt=\"Walter Maack Eisstadion\" width=\"243px\" \/><\/a>\n<a href=\"http:\/\/www.eisstadion-adendorf.de\/\" target=\"_blank\" rel=\"noopener\">Walter Maack Eisstadion<\/a>, Scharnebecker Weg, 21365 Adendorf<\/div>\n\n<\/td>\n\n\n\n\n<td style=\"border:0 none;background-color:none;background:none;\">\n\n\n<div style=\"width:243px;padding:5px;border:0.5px #bbbbbb solid;background-color:#eeeeee;text-align:center;\"><a href=\"http:\/\/hsc1881.de\/eiskunstlauf\/wp-content\/uploads\/2009\/08\/wilhelm.png\"><img decoding=\"async\" src=\"http:\/\/hsc1881.de\/eiskunstlauf\/wp-content\/uploads\/2009\/08\/wilhelm.png\" alt=\"wilhelm\" width=\"243px\" \/><\/a>\nIn der Zukunft hoffentlich: <a href=\"http:\/\/www.iceandsun.de\/\" target=\"_blank\" rel=\"noopener\">Eisschnelllaufhalle Wilhelmsburg<\/a><\/div>\n\n<\/td>\n\n\n<\/tr>\n\n\n--><\/p>\n<table style=\"border: 0 none; background-color: none;\" cellpadding=\"5px;\">\n<tbody>\n<tr>\n<td style=\"border: 0 none; background-color: none; background: none;\">\n<div style=\"width: 243px; padding: 5px; border: 0.5px #bbbbbb solid; background-color: #eeeeee; text-align: center;\"><a href=\"http:\/\/www.hsc1881.de\/eiskunstlauf\/wp-content\/uploads\/2009\/08\/k-P1020083-0011.jpg\"><img decoding=\"async\" title=\"Farmsen B\u00e4derland Eisland\" src=\"http:\/\/www.hsc1881.de\/eiskunstlauf\/wp-content\/uploads\/2009\/08\/k-P1020083-0011.jpg\" alt=\"Farmsen B\u00e4derland Eisland\" width=\"243px\"><\/a><br \/>\n<a title=\"Eissporthalle Farmsen\" href=\"https:\/\/www.eisland-hamburg.de\/\" target=\"_blank\" rel=\"noopener\">Eisland Farmsen,<\/a> Berner Heerweg 152, 22159 Hamburg<\/div>\n<\/td>\n<td style=\"border: 0 none; background-color: none; background: none;\">\n<div style=\"width: 243px; padding: 5px; border: 0.5px #bbbbbb solid; background-color: #eeeeee; text-align: center;\"><a href=\"http:\/\/www.hsc1881.de\/eiskunstlauf\/wp-content\/uploads\/2009\/08\/Kunsteisbahn-Stellingen2.jpg\"><img decoding=\"async\" title=\"Kunsteisbahn Stellingen\" src=\"http:\/\/www.hsc1881.de\/eiskunstlauf\/wp-content\/uploads\/2009\/08\/Kunsteisbahn-Stellingen2.jpg\" alt=\"Kunsteisbahn Stellingen\" width=\"243px\"><\/a><br \/>\n<a href=\"http:\/\/www.eisbahn-stellingen.de\/\" target=\"_blank\" rel=\"noopener\">Kunsteisbahn Stellingen<\/a>, Hagenbeckstra\u00dfe 124, 22527 Hamburg<\/div>\n<\/td>\n<\/tr>\n<tr>\n<td style=\"border: 0 none; background-color: none; background: none;\">\n<div style=\"width: 243px; padding: 5px; border: 0.5px #bbbbbb solid; background-color: #eeeeee; text-align: center;\"><a href=\"http:\/\/www.hsc1881.de\/eiskunstlauf\/wp-content\/uploads\/2009\/08\/ausgesperrt1.jpg\"><img decoding=\"async\" title=\"Indoo-Eisarena\" src=\"http:\/\/www.hsc1881.de\/eiskunstlauf\/wp-content\/uploads\/2009\/08\/ausgesperrt1.jpg\" alt=\"Indoo-Eisarena\" width=\"243px\"><\/a><br \/>\n<a title=\"Indoo Eisarena\" href=\"http:\/\/www.eisarena-hamburg.de\/\" target=\"_blank\" rel=\"noopener\">Indoo Eisarena<\/a>, Holstenwall 30, 20355 Hamburg<\/div>\n<\/td>\n<td style=\"border: 0 none; background-color: none; background: none;\">&nbsp;<\/td>\n<\/tr>\n<\/tbody>\n<\/table>\n","protected":false},"excerpt":{"rendered":"<p>Eiskunstlaufen ist ein wundervoller Sport f\u00fcr Gro\u00df und Klein. Der HSC bietet allen Alters- und Leistungsstufen die M\u00f6glichkeit, unter Aufsicht von Trainern und Fach\u00fcbungsleitern zu trainieren. Jeder findet bei uns &#8222;seinen&#8220; Platz: kleine Kinder, die ihre ersten Versuche auf dem Eis starten, Leistungsl\u00e4ufer und Erwachsene, die wieder oder auch ganz neu mit dem Eissport anfangen. [&hellip;]<\/p>\n","protected":false},"author":1,"featured_media":0,"parent":0,"menu_order":3,"comment_status":"closed","ping_status":"open","template":"page-c2right.php","meta":{"ngg_post_thumbnail":0,"footnotes":""},"class_list":["post-2","page","type-page","status-publish","hentry"],"_links":{"self":[{"href":"https:\/\/hsc1881.de\/eiskunstlauf\/wp-json\/wp\/v2\/pages\/2","targetHints":{"allow":["GET"]}}],"collection":[{"href":"https:\/\/hsc1881.de\/eiskunstlauf\/wp-json\/wp\/v2\/pages"}],"about":[{"href":"https:\/\/hsc1881.de\/eiskunstlauf\/wp-json\/wp\/v2\/types\/page"}],"author":[{"embeddable":true,"href":"https:\/\/hsc1881.de\/eiskunstlauf\/wp-json\/wp\/v2\/users\/1"}],"replies":[{"embeddable":true,"href":"https:\/\/hsc1881.de\/eiskunstlauf\/wp-json\/wp\/v2\/comments?post=2"}],"version-history":[{"count":37,"href":"https:\/\/hsc1881.de\/eiskunstlauf\/wp-json\/wp\/v2\/pages\/2\/revisions"}],"predecessor-version":[{"id":5762,"href":"https:\/\/hsc1881.de\/eiskunstlauf\/wp-json\/wp\/v2\/pages\/2\/revisions\/5762"}],"wp:attachment":[{"href":"https:\/\/hsc1881.de\/eiskunstlauf\/wp-json\/wp\/v2\/media?parent=2"}],"curies":[{"name":"wp","href":"https:\/\/api.w.org\/{rel}","templated":true}]}}