{"id":2071,"date":"2014-12-01T12:46:03","date_gmt":"2014-12-01T11:46:03","guid":{"rendered":"http:\/\/www.hsc1881.de\/blog\/?page_id=2071"},"modified":"2014-12-01T17:28:59","modified_gmt":"2014-12-01T16:28:59","slug":"medienprasenz","status":"publish","type":"page","link":"https:\/\/hsc1881.de\/eiskunstlauf\/verein\/medienprasenz\/","title":{"rendered":"Medienpr\u00e4senz"},"content":{"rendered":"<p>Nachdem Schaulaufen am 27.11.2014 in Bad Segeberg bei M\u00f6bel Kraft fanden sich unsere L\u00e4ufer sich auf der Titelseite wieder.<br \/>\n<a href=\"http:\/\/hsc1881.de\/eiskunstlauf\/wp-content\/uploads\/2014\/11\/Unbenannt1.png\"><img decoding=\"async\" class=\"wp-image-1383\" src=\"http:\/\/hsc1881.de\/eiskunstlauf\/wp-content\/uploads\/2014\/11\/Unbenannt1.png\" alt=\"Schaulaufen M\u00f6bel Kraft\" width=\"100%\" \/><\/a><br \/>\nAuch die Er\u00f6ffnung des Oldenburger Weihnachtsvergn\u00fcgen fand seine Ressonanz in der <a href=\"http:\/\/www.ln-online.de\/Lokales\/Ostholstein\/Eis-Prinzessin-eroeffnet-das-Weihnachtsvergnuegen\" target=\"_blank\">lokalen Presse<\/a>.<br \/>\nIm Februar 2013 war der NDR bei uns zu Gast und informierte sich \u00fcber unsere Vereinsarbeit. Nicht nur die fortgeschrittenen Jugendlichen, sondern auch die J\u00fcngsten in unserem Verein wurden zu ihrem &#8222;Sport&#8220; befragt.<\/p>\n<p><a href=\"http:\/\/www.ndr.de\/fernsehen\/sendungen\/hamburg_journal_1800\/media\/hamj25455.html\" target=\"_blank\"><span style=\"color: #0000ff;\">NDR Hamburg Journal<\/span><\/a><br \/>\nQuelle Norddeutscher Rundfunk, Hamburg, Februar 2013<\/p>\n","protected":false},"excerpt":{"rendered":"<p>Nachdem Schaulaufen am 27.11.2014 in Bad Segeberg bei M\u00f6bel Kraft fanden sich unsere L\u00e4ufer sich auf der Titelseite wieder. Auch die Er\u00f6ffnung des Oldenburger Weihnachtsvergn\u00fcgen fand seine Ressonanz in der lokalen Presse. Im Februar 2013 war der NDR bei uns zu Gast und informierte sich \u00fcber unsere Vereinsarbeit. Nicht nur die fortgeschrittenen Jugendlichen, sondern auch [&hellip;]<\/p>\n","protected":false},"author":11,"featured_media":0,"parent":6,"menu_order":2,"comment_status":"closed","ping_status":"closed","template":"page-c2right.php","meta":{"ngg_post_thumbnail":0,"footnotes":""},"class_list":["post-2071","page","type-page","status-publish","hentry"],"_links":{"self":[{"href":"https:\/\/hsc1881.de\/eiskunstlauf\/wp-json\/wp\/v2\/pages\/2071","targetHints":{"allow":["GET"]}}],"collection":[{"href":"https:\/\/hsc1881.de\/eiskunstlauf\/wp-json\/wp\/v2\/pages"}],"about":[{"href":"https:\/\/hsc1881.de\/eiskunstlauf\/wp-json\/wp\/v2\/types\/page"}],"author":[{"embeddable":true,"href":"https:\/\/hsc1881.de\/eiskunstlauf\/wp-json\/wp\/v2\/users\/11"}],"replies":[{"embeddable":true,"href":"https:\/\/hsc1881.de\/eiskunstlauf\/wp-json\/wp\/v2\/comments?post=2071"}],"version-history":[{"count":7,"href":"https:\/\/hsc1881.de\/eiskunstlauf\/wp-json\/wp\/v2\/pages\/2071\/revisions"}],"predecessor-version":[{"id":2592,"href":"https:\/\/hsc1881.de\/eiskunstlauf\/wp-json\/wp\/v2\/pages\/2071\/revisions\/2592"}],"up":[{"embeddable":true,"href":"https:\/\/hsc1881.de\/eiskunstlauf\/wp-json\/wp\/v2\/pages\/6"}],"wp:attachment":[{"href":"https:\/\/hsc1881.de\/eiskunstlauf\/wp-json\/wp\/v2\/media?parent=2071"}],"curies":[{"name":"wp","href":"https:\/\/api.w.org\/{rel}","templated":true}]}}