{"id":22,"date":"2009-08-18T15:22:19","date_gmt":"2009-08-18T13:22:19","guid":{"rendered":"http:\/\/www.hsc1881.de\/blog\/?page_id=22"},"modified":"2024-10-13T23:59:45","modified_gmt":"2024-10-13T21:59:45","slug":"trainer","status":"publish","type":"page","link":"https:\/\/hsc1881.de\/eiskunstlauf\/training\/trainer\/","title":{"rendered":"Unsere Trainer"},"content":{"rendered":"<h3>Melanie Dichter<\/h3>\n<h5><a href=\"http:\/\/hsc1881.de\/eiskunstlauf\/wp-content\/uploads\/2009\/08\/mel-meer-e1450124208339.jpg\"><img decoding=\"async\" class=\"alignleft\" src=\"http:\/\/hsc1881.de\/eiskunstlauf\/wp-content\/uploads\/2009\/08\/mel-meer-e1450124208339.jpg\" alt=\"mel-meer\" width=\"146\"><\/a><\/h5>\n<h5>Kurzportr\u00e4t:<\/h5>\n<div>HSC-Trainer<br \/>\nL\/C-Lizenz der DEU<br \/>\nseit 2013 im Nachwuchs und Erwachsenensport f\u00fcr den HSC t\u00e4tig<\/div>\n<h5>Werdegang:<\/h5>\n<div>Ich habe 1995 das Abitur gemacht und anschlie\u00dfend BWL und Geschichte auf Magister studiert.<br \/>\nMit sechs Jahren habe ich in Berlin mit dem Eiskunstlaufen begonnen und in den ersten drei Jahren die Freil\u00e4ufer-, Figurenl\u00e4ufer- und Kunstl\u00e4uferpr\u00fcfung gemacht. Meine erste Clubmeisterschaft und Berliner Meisterschaft bestritt ich im Januar und Februar als Anf\u00e4nger C M\u00e4dchen 1984 und wurde 9. und 5.<br \/>\nEs folgten Pflicht-(IV, III) und K\u00fcrklassenpr\u00fcfungen(IV, III, II) und weitere Meisterschaften wie Hessenpokal, Eisemann Pokal, Kleiner und Gro\u00dfer Berliner B\u00e4r, Karlsbergstern und auch Deutsche, Norddeutsche und Deutsche Jugendmeisterschaft.<img decoding=\"async\" style=\"width: 250px; float: right;\" src=\"http:\/\/hsc1881.de\/eiskunstlauf\/wp-content\/uploads\/2009\/08\/mel-team.jpg\" alt=\"mel-team\"><br \/>\nMeine gr\u00f6\u00dften Erfolge waren Berliner Jugend Meisterin 1987 und Junioren Meisterin 1989.<br \/>\nSeit 1995 lief ich erst im Berliner Synchron Team Berlin 1 beim Hamburger Michel mit und wir belegten den 3. Platz. Dann wechselte ich 1996 zum Berliner Team: The Berlin Ice Company. 2000 wurden wir Club- und Berliner Meister im Synchroneislauf und wir nahmen als Deutsche Vizemeister an der Weltmeisterschaft in den USA teil.<br \/>\n2001 habe ich mit der Ausbildung zum Fach\u00fcbungsleiter begonnen und 2007 die C-Trainer Lizenz gemacht. Im selben Jahr bin ich dann mit meinem Mann nach Hamburg gezogen.<\/div>\n<h3>&nbsp;<\/h3>\n<h3>Henrik Sachs<\/h3>\n<h5><a href=\"http:\/\/www.hsc1881.de\/eiskunstlauf\/wp-content\/uploads\/2009\/08\/sachs.jpg\"><img loading=\"lazy\" decoding=\"async\" class=\"alignleft size-full wp-image-202\" title=\"henrik sachs\" src=\"http:\/\/www.hsc1881.de\/eiskunstlauf\/wp-content\/uploads\/2009\/08\/sachs.jpg\" alt=\"henrik sachs\" width=\"146\" height=\"200\"><\/a><\/h5>\n<h5>Kurzportr\u00e4t:<\/h5>\n<div>HSC-Trainer<br \/>\nL\/C-Lizenz der DEU<br \/>\nseit 2002 im Nachwuchs und Erwachsenensport f\u00fcr den HSC t\u00e4tig<br \/>\nzus\u00e4tzlich Preisrichterlizenz LV TS<\/div>\n<h5>Werdegang:<\/h5>\n<div>Henrik Sachs hat im Alter von 9 Jahren mit dem Eiskunstlauf in der Sparte Einzellauf begonnen. Nach seiner Ausbildung entdeckte er das Eiskunstlaufen erneut f\u00fcr sich und begann in M\u00fcnchen mit dem Eistanz.<br \/>\nSp\u00e4ter trainierte er in Berlin Einzellauf (bei Manuela Gross-Leupold) und Paarlauf (bei Heidemarie Walther-Steiner).<br \/>\nIn den Jahren 2000\/2001 legte er die L\/C-Lizenz an der Landessportschule Berlin und dem Berliner Eislauf-Verband ab.<br \/>\nAnschlie\u00dfend war er als Trainer beim Berliner TSC und als Athletik-Trainer der Nachwuchsformation (Chili on Ice\/ Deutsche Meister) sowie auf dem Eis in den Vor- und Grundschulklassen und im Erwachsenen-Breitensport besch\u00e4ftigt.<br \/>\nMit Beginn der Saison 2003\/2004 wechselte er zum Hamburger Schlittschuhclub und ist sowohl im Nachwuchs als auch im Erwachsenen-Breitensport t\u00e4tig. Viele nationale Medallienerfolge, sowie&nbsp;gute Platzierungen konnten Sportler aus dem Breiten- und Leistungssport aus der von ihm trainierten Trainingsgruppen erringen.<\/div>\n","protected":false},"excerpt":{"rendered":"<p>Melanie Dichter Kurzportr\u00e4t: HSC-Trainer L\/C-Lizenz der DEU seit 2013 im Nachwuchs und Erwachsenensport f\u00fcr den HSC t\u00e4tig Werdegang: Ich habe 1995 das Abitur gemacht und anschlie\u00dfend BWL und Geschichte auf Magister studiert. Mit sechs Jahren habe ich in Berlin mit dem Eiskunstlaufen begonnen und in den ersten drei Jahren die Freil\u00e4ufer-, Figurenl\u00e4ufer- und Kunstl\u00e4uferpr\u00fcfung gemacht. [&hellip;]<\/p>\n","protected":false},"author":11,"featured_media":0,"parent":2,"menu_order":0,"comment_status":"closed","ping_status":"open","template":"page-c2right.php","meta":{"ngg_post_thumbnail":0,"footnotes":""},"class_list":["post-22","page","type-page","status-publish","hentry"],"_links":{"self":[{"href":"https:\/\/hsc1881.de\/eiskunstlauf\/wp-json\/wp\/v2\/pages\/22","targetHints":{"allow":["GET"]}}],"collection":[{"href":"https:\/\/hsc1881.de\/eiskunstlauf\/wp-json\/wp\/v2\/pages"}],"about":[{"href":"https:\/\/hsc1881.de\/eiskunstlauf\/wp-json\/wp\/v2\/types\/page"}],"author":[{"embeddable":true,"href":"https:\/\/hsc1881.de\/eiskunstlauf\/wp-json\/wp\/v2\/users\/11"}],"replies":[{"embeddable":true,"href":"https:\/\/hsc1881.de\/eiskunstlauf\/wp-json\/wp\/v2\/comments?post=22"}],"version-history":[{"count":29,"href":"https:\/\/hsc1881.de\/eiskunstlauf\/wp-json\/wp\/v2\/pages\/22\/revisions"}],"predecessor-version":[{"id":5661,"href":"https:\/\/hsc1881.de\/eiskunstlauf\/wp-json\/wp\/v2\/pages\/22\/revisions\/5661"}],"up":[{"embeddable":true,"href":"https:\/\/hsc1881.de\/eiskunstlauf\/wp-json\/wp\/v2\/pages\/2"}],"wp:attachment":[{"href":"https:\/\/hsc1881.de\/eiskunstlauf\/wp-json\/wp\/v2\/media?parent=22"}],"curies":[{"name":"wp","href":"https:\/\/api.w.org\/{rel}","templated":true}]}}