{"id":2842,"date":"2015-04-08T14:02:02","date_gmt":"2015-04-08T12:02:02","guid":{"rendered":"http:\/\/hsc1881.de\/eiskunstlauf\/?page_id=2842"},"modified":"2015-04-08T14:02:02","modified_gmt":"2015-04-08T12:02:02","slug":"vorklassenpruefungen","status":"publish","type":"page","link":"https:\/\/hsc1881.de\/eiskunstlauf\/training\/vorklassenpruefungen\/","title":{"rendered":"Vorklassenpr\u00fcfungen"},"content":{"rendered":"<h3>Eisl\u00e4ufer<\/h3>\n<ol>\n<li> Eierlaufen\n<\/li>\n<li> Hocke\n<\/li>\n<li> Storch\n<\/li>\n<li> Slalom\n<\/li>\n<li> Kreis <\/li>\n<li>er\n<\/li>\n<li> Bremsen\n<\/li>\n<\/ol>\n<h3>Freil\u00e4ufer<\/h3>\n<p><b>Lauff\u00e4higkeiten:<\/b><\/p>\n<ol>\n<li>Beidbeiniges Umkreisen > 360\u00b0 von Pylonen (\u201eH\u00fctchen\u201c)\n<\/li>\n<li>Vorw\u00e4rtslaufen, Schneepflug, R\u00fcckw\u00e4rtslaufen\n<\/li>\n<li>Hocke, beidbeinig\n<\/li>\n<li>&#8222;Rollerfahren&#8220; auf dem Kreis mit Auslauf va, L+R\n<\/li>\n<\/ol>\n<p><b>Sprungf\u00e4higkeiten:<\/b><\/p>\n<ol start=\"5\">\n<li>Schwungspr\u00fcnge auf dem Kreis va L+R\n<\/li>\n<li>sechs Drehspr\u00fcnge 180\u00b0 v-r-v im Kreis, L+R,\n<\/li>\n<\/ol>\n<p><b>Pirouetten:<\/b><\/p>\n<ol start=\"7\">\n<li>Pirouette, beidbeinig L+R (3U)\n<\/li>\n<\/ol>\n<h3>Figurenl\u00e4ufer <\/h3>\n<p><b>Lauff\u00e4higkeiten:<\/b><\/p>\n<ol>\n<li>Slalom auf einem Bein um <\/li>\n<li>Pylonen (\u201eH\u00fctchen\u201c) L+R\n<\/li>\n<li>Schwungbogen va L+R \u00fcber ganze L\u00e4ngsseite\n<\/li>\n<li>Schwungbogen ve L+R \u00fcber ganze L\u00e4ngsseite\n<\/li>\n<li>Chass\u00e9e-Laufschritt vorw\u00e4rts (2x*Ch \u20131x*LS) mit spiralf\u00f6rmigem Auslauf auf einem Bein va L+R\n<\/li>\n<li>Chassee-Laufschritt r\u00fcckw\u00e4rts(2x*Ch \u20131x*LS) mit spiralenf\u00f6rmigem Auslauf auf einem Bein ra L+R\n<\/li>\n<li>Dreierschritt Drvera-va-Drvera L+R\n<\/li>\n<li>Hockeystopp beidbeinig L+R\n<\/li>\n<li>Flieger va + ra L+R\n<\/li>\n<\/ol>\n<p><b>Sprungf\u00e4higkeiten:<\/b><\/p>\n<ol start=\"9\">\n<li>drei Drehspr\u00fcnge 360\u00b0 (ganze Umdrehung) auf dem Kreis L+R\n<\/li>\n<\/ol>\n<p><b>Pirouetten:<\/b><\/p>\n<ol start=\"10\">\n<li>Pirouette in Hockeposition auf 2 F\u00fc\u00dfen (5U)\n<\/li>\n<\/ol>\n<h3>Kunstl\u00e4ufer<\/h3>\n<p><b>Lauff\u00e4higkeiten:<\/b><\/p>\n<ol>\n<li>Halbe B\u00f6gen ra aus einem Chasseeschritt L+R\n<\/li>\n<li>Ausfallschritt re aus je einem \u00dcbersetzschritt L+R\n<\/li>\n<li>Englischer Dreier (LvaDrLre-RvaDrLre)\n<\/li>\n<li>Schlangenbogendreier aus einem Chasseeschritt L+R\n<\/li>\n<li>Mohawks revere im Wechsel L+R\n<\/li>\n<li>Zirkel ra eine Umdrehung (360\u00b0) L+R\n<\/li>\n<li>Bremsen einbeinig auf allen vier Kanten im Kreis\n<\/li>\n<\/ol>\n<p><b>Sprungf\u00e4higkeiten:<\/b><\/p>\n<ol start=\"8\">\n<li>Dreiersprung aus Schwungb\u00f6gen va L+R\n<\/li>\n<\/ol>\n<p><b>Pirouetten:<\/b><\/p>\n<ol start=\"9\">\n<li>Wechselstandpirouette re -ra L +R\n<\/li>\n<li>K\u00fcrimprovisation\n<\/li>\n<\/ol>\n","protected":false},"excerpt":{"rendered":"<p>Eisl\u00e4ufer Eierlaufen Hocke Storch Slalom Kreis er Bremsen Freil\u00e4ufer Lauff\u00e4higkeiten: Beidbeiniges Umkreisen > 360\u00b0 von Pylonen (\u201eH\u00fctchen\u201c) Vorw\u00e4rtslaufen, Schneepflug, R\u00fcckw\u00e4rtslaufen Hocke, beidbeinig &#8222;Rollerfahren&#8220; auf dem Kreis mit Auslauf va, L+R Sprungf\u00e4higkeiten: Schwungspr\u00fcnge auf dem Kreis va L+R sechs Drehspr\u00fcnge 180\u00b0 v-r-v im Kreis, L+R, Pirouetten: Pirouette, beidbeinig L+R (3U) Figurenl\u00e4ufer Lauff\u00e4higkeiten: Slalom auf einem Bein [&hellip;]<\/p>\n","protected":false},"author":11,"featured_media":0,"parent":2,"menu_order":4,"comment_status":"closed","ping_status":"closed","template":"","meta":{"ngg_post_thumbnail":0,"footnotes":""},"class_list":["post-2842","page","type-page","status-publish","hentry"],"_links":{"self":[{"href":"https:\/\/hsc1881.de\/eiskunstlauf\/wp-json\/wp\/v2\/pages\/2842","targetHints":{"allow":["GET"]}}],"collection":[{"href":"https:\/\/hsc1881.de\/eiskunstlauf\/wp-json\/wp\/v2\/pages"}],"about":[{"href":"https:\/\/hsc1881.de\/eiskunstlauf\/wp-json\/wp\/v2\/types\/page"}],"author":[{"embeddable":true,"href":"https:\/\/hsc1881.de\/eiskunstlauf\/wp-json\/wp\/v2\/users\/11"}],"replies":[{"embeddable":true,"href":"https:\/\/hsc1881.de\/eiskunstlauf\/wp-json\/wp\/v2\/comments?post=2842"}],"version-history":[{"count":5,"href":"https:\/\/hsc1881.de\/eiskunstlauf\/wp-json\/wp\/v2\/pages\/2842\/revisions"}],"predecessor-version":[{"id":2847,"href":"https:\/\/hsc1881.de\/eiskunstlauf\/wp-json\/wp\/v2\/pages\/2842\/revisions\/2847"}],"up":[{"embeddable":true,"href":"https:\/\/hsc1881.de\/eiskunstlauf\/wp-json\/wp\/v2\/pages\/2"}],"wp:attachment":[{"href":"https:\/\/hsc1881.de\/eiskunstlauf\/wp-json\/wp\/v2\/media?parent=2842"}],"curies":[{"name":"wp","href":"https:\/\/api.w.org\/{rel}","templated":true}]}}