{"id":2868,"date":"2015-10-01T09:45:17","date_gmt":"2015-10-01T07:45:17","guid":{"rendered":"http:\/\/hsc1881.de\/eiskunstlauf\/?page_id=2868"},"modified":"2016-12-10T15:58:29","modified_gmt":"2016-12-10T14:58:29","slug":"22-hamburger-michel-2016","status":"publish","type":"page","link":"https:\/\/hsc1881.de\/eiskunstlauf\/hamburger-michel\/22-hamburger-michel-2016\/","title":{"rendered":"22. Hamburger Michel 2016"},"content":{"rendered":"<p><img decoding=\"async\" src=\"http:\/\/hsc1881.de\/eiskunstlauf\/wp-content\/uploads\/2011\/03\/mit-uhr.png\" width=\"40%\"><\/a><br \/>\nDer 22. Michel findet vom 1.-3. April 2016 im Eisland Farmsen statt.<br \/>\n<a href=\"http:\/\/hsc1881.de\/eiskunstlauf\/wp-content\/uploads\/2016\/02\/Michelausschreibung.pdf\" target=\"_blank\">Ausschreibung 22. Michel 2016<\/a> <a href=\"http:\/\/hsc1881.de\/eiskunstlauf\/wp-content\/uploads\/2016\/02\/engl.-Version.pdf\" target=\"_blank\">(ENGLISH VERSION)<\/a><\/p>\n<p>Die <a href=\"http:\/\/www.hsc1881.de\/michel_2016\" target=\"_blank\">Ergebnisse<\/a> sind nun online!<br \/>\nPlease find the <a href=\"http:\/\/www.hsc1881.de\/michel_2016\" target=\"_blank\">results<\/a> online!<\/p>\n<hr width=\"100%\" size=\"1\" noshade>\n<b>Der Eislauf-Nachwuchs zeigte sein K\u00f6nnen in Farmsen<\/b> <img decoding=\"async\" src=\"http:\/\/hsc1881.de\/eiskunstlauf\/wp-content\/uploads\/2011\/03\/mit-uhr.png\" width=\"25%\"><\/p>\n<p>Am letzten Wochenende fand der 22. \u201eHamburger Michel&#8220; statt, ein internationales Eiskunstlauf-Turnier f\u00fcr den Nachwuchs.<br \/>\nDieses Jahr nahmen 300 Athleten aus sieben L\u00e4ndern daran teil. So auch die sechzehnj\u00e4hrige Julia Kurbangolov, wie der NDR im Hamburg Journal berichtete.<br \/>\nSie startete in der Jugendklasse mit 10 Teilnehmern. Mit ihrer fast fehlerlosen K\u00fcrdarbietung errang sie den 5. Platz in ihrer Altersklasse und mit 46,46 Punkten erreichte Julia die bisher h\u00f6chste Einzelwertung in der K\u00fcr als Hamburger L\u00e4uferin in dieser Saison.<\/p>\n<p><i>Herzlichen Gl\u00fcckwunsch!<\/i> <\/p>\n<hr size=\"1\" width=\"100%\">\nThe Results for Hamburger Michel 2016 are <a href=\"http:\/\/www.hsc1881.de\/michel_2016\" target=\"_blank\">online!<\/a><br \/>\nMehr auf der <a href=\"http:\/\/hsc1881.de\/eiskunstlauf\/hamburger-michel\/22-hamburger-michel-2016\/\">Michelseite<\/a> &#8211; Please find more information about the <a href=\"http:\/\/hsc1881.de\/eiskunstlauf\/hamburger-michel\/22-hamburger-michel-2016\/\">Hamburger Michel<\/a>!<\/p>\n<p>&nbsp;<\/p>\n<p>NDR Hamburg Journal <a href=\"https:\/\/www.ndr.de\/fernsehen\/sendungen\/hamburg_journal\/Hamburg-Journal,hamj47164.html\" target=\"_blank\"><img decoding=\"async\" src=\"http:\/\/hsc1881.de\/eiskunstlauf\/wp-content\/uploads\/2016\/04\/Unbenannt.jpg\" style=\"float:right\" width=\"300px\" \/>(Fernsehbericht ab der 11. Minute)<\/a> \u00fcber den 22. Hamburger Michel.<\/p>\n","protected":false},"excerpt":{"rendered":"<p>Der 22. Michel findet vom 1.-3. April 2016 im Eisland Farmsen statt. Ausschreibung 22. Michel 2016 (ENGLISH VERSION) Die Ergebnisse sind nun online! Please find the results online! Der Eislauf-Nachwuchs zeigte sein K\u00f6nnen in Farmsen Am letzten Wochenende fand der 22. \u201eHamburger Michel&#8220; statt, ein internationales Eiskunstlauf-Turnier f\u00fcr den Nachwuchs. Dieses Jahr nahmen 300 Athleten [&hellip;]<\/p>\n","protected":false},"author":11,"featured_media":0,"parent":8,"menu_order":0,"comment_status":"closed","ping_status":"closed","template":"page-c2right.php","meta":{"ngg_post_thumbnail":0,"footnotes":""},"class_list":["post-2868","page","type-page","status-publish","hentry"],"_links":{"self":[{"href":"https:\/\/hsc1881.de\/eiskunstlauf\/wp-json\/wp\/v2\/pages\/2868","targetHints":{"allow":["GET"]}}],"collection":[{"href":"https:\/\/hsc1881.de\/eiskunstlauf\/wp-json\/wp\/v2\/pages"}],"about":[{"href":"https:\/\/hsc1881.de\/eiskunstlauf\/wp-json\/wp\/v2\/types\/page"}],"author":[{"embeddable":true,"href":"https:\/\/hsc1881.de\/eiskunstlauf\/wp-json\/wp\/v2\/users\/11"}],"replies":[{"embeddable":true,"href":"https:\/\/hsc1881.de\/eiskunstlauf\/wp-json\/wp\/v2\/comments?post=2868"}],"version-history":[{"count":33,"href":"https:\/\/hsc1881.de\/eiskunstlauf\/wp-json\/wp\/v2\/pages\/2868\/revisions"}],"predecessor-version":[{"id":3526,"href":"https:\/\/hsc1881.de\/eiskunstlauf\/wp-json\/wp\/v2\/pages\/2868\/revisions\/3526"}],"up":[{"embeddable":true,"href":"https:\/\/hsc1881.de\/eiskunstlauf\/wp-json\/wp\/v2\/pages\/8"}],"wp:attachment":[{"href":"https:\/\/hsc1881.de\/eiskunstlauf\/wp-json\/wp\/v2\/media?parent=2868"}],"curies":[{"name":"wp","href":"https:\/\/api.w.org\/{rel}","templated":true}]}}