{"id":3506,"date":"2016-12-02T22:45:13","date_gmt":"2016-12-02T21:45:13","guid":{"rendered":"http:\/\/hsc1881.de\/eiskunstlauf\/?page_id=3506"},"modified":"2016-12-02T22:45:13","modified_gmt":"2016-12-02T21:45:13","slug":"trainingslager","status":"publish","type":"page","link":"https:\/\/hsc1881.de\/eiskunstlauf\/trainingslager\/","title":{"rendered":"Trainingslager"},"content":{"rendered":"<p>Der HSC f\u00fchrt regelm\u00e4\u00dfig im Sommer Trainingslager durch.<br \/>\nInformieren Sie sich bitte \u00fcber unsere Webseite.<\/p>\n","protected":false},"excerpt":{"rendered":"<p>Der HSC f\u00fchrt regelm\u00e4\u00dfig im Sommer Trainingslager durch. Informieren Sie sich bitte \u00fcber unsere Webseite.<\/p>\n","protected":false},"author":11,"featured_media":0,"parent":0,"menu_order":0,"comment_status":"closed","ping_status":"closed","template":"","meta":{"ngg_post_thumbnail":0,"footnotes":""},"class_list":["post-3506","page","type-page","status-publish","hentry"],"_links":{"self":[{"href":"https:\/\/hsc1881.de\/eiskunstlauf\/wp-json\/wp\/v2\/pages\/3506","targetHints":{"allow":["GET"]}}],"collection":[{"href":"https:\/\/hsc1881.de\/eiskunstlauf\/wp-json\/wp\/v2\/pages"}],"about":[{"href":"https:\/\/hsc1881.de\/eiskunstlauf\/wp-json\/wp\/v2\/types\/page"}],"author":[{"embeddable":true,"href":"https:\/\/hsc1881.de\/eiskunstlauf\/wp-json\/wp\/v2\/users\/11"}],"replies":[{"embeddable":true,"href":"https:\/\/hsc1881.de\/eiskunstlauf\/wp-json\/wp\/v2\/comments?post=3506"}],"version-history":[{"count":1,"href":"https:\/\/hsc1881.de\/eiskunstlauf\/wp-json\/wp\/v2\/pages\/3506\/revisions"}],"predecessor-version":[{"id":3507,"href":"https:\/\/hsc1881.de\/eiskunstlauf\/wp-json\/wp\/v2\/pages\/3506\/revisions\/3507"}],"wp:attachment":[{"href":"https:\/\/hsc1881.de\/eiskunstlauf\/wp-json\/wp\/v2\/media?parent=3506"}],"curies":[{"name":"wp","href":"https:\/\/api.w.org\/{rel}","templated":true}]}}