{"id":357,"date":"2010-12-10T13:34:11","date_gmt":"2010-12-10T12:34:11","guid":{"rendered":"http:\/\/www.hsc1881.de\/blog\/?page_id=357"},"modified":"2014-10-22T22:52:02","modified_gmt":"2014-10-22T20:52:02","slug":"hamburger-michel-2011","status":"publish","type":"page","link":"https:\/\/hsc1881.de\/eiskunstlauf\/hamburger-michel\/hamburger-michel-2011\/","title":{"rendered":"17. Hamburger Michel 2011"},"content":{"rendered":"<div>\n<h2><a href=\"http:\/\/www.hsc1881.de\/michel_2011\/index.htm\"><span style=\"color: #0000ff;\"><span style=\"color: #0000ff;\">Ergebnisliste<\/span><\/span><\/a> des 17. Hamburger Michel Pokals<\/h2>\n<\/div>\n<h3>Am 9. und 10. April 2011 fand in der Eissporthalle Farmsen der 17. Hamburger Michel statt. Wir bitten um Entschuldigung, dass die IsuCalc Ergebnisliste erst so sp\u00e4t zur Verf\u00fcgung stand. Desweiteren bedanken wir uns bei allen Teilnehmern und G\u00e4sten f\u00fcr das Kommen und freuen uns auf ein Wiedersehen im n\u00e4chsten Jahr!<\/h3>\n<div><\/div>\n","protected":false},"excerpt":{"rendered":"<p>Ergebnisliste des 17. Hamburger Michel Pokals Am 9. und 10. April 2011 fand in der Eissporthalle Farmsen der 17. Hamburger Michel statt. Wir bitten um Entschuldigung, dass die IsuCalc Ergebnisliste erst so sp\u00e4t zur Verf\u00fcgung stand. Desweiteren bedanken wir uns bei allen Teilnehmern und G\u00e4sten f\u00fcr das Kommen und freuen uns auf ein Wiedersehen im [&hellip;]<\/p>\n","protected":false},"author":1,"featured_media":0,"parent":8,"menu_order":4,"comment_status":"closed","ping_status":"open","template":"page-c2right.php","meta":{"ngg_post_thumbnail":0,"footnotes":""},"class_list":["post-357","page","type-page","status-publish","hentry"],"_links":{"self":[{"href":"https:\/\/hsc1881.de\/eiskunstlauf\/wp-json\/wp\/v2\/pages\/357","targetHints":{"allow":["GET"]}}],"collection":[{"href":"https:\/\/hsc1881.de\/eiskunstlauf\/wp-json\/wp\/v2\/pages"}],"about":[{"href":"https:\/\/hsc1881.de\/eiskunstlauf\/wp-json\/wp\/v2\/types\/page"}],"author":[{"embeddable":true,"href":"https:\/\/hsc1881.de\/eiskunstlauf\/wp-json\/wp\/v2\/users\/1"}],"replies":[{"embeddable":true,"href":"https:\/\/hsc1881.de\/eiskunstlauf\/wp-json\/wp\/v2\/comments?post=357"}],"version-history":[{"count":39,"href":"https:\/\/hsc1881.de\/eiskunstlauf\/wp-json\/wp\/v2\/pages\/357\/revisions"}],"predecessor-version":[{"id":1655,"href":"https:\/\/hsc1881.de\/eiskunstlauf\/wp-json\/wp\/v2\/pages\/357\/revisions\/1655"}],"up":[{"embeddable":true,"href":"https:\/\/hsc1881.de\/eiskunstlauf\/wp-json\/wp\/v2\/pages\/8"}],"wp:attachment":[{"href":"https:\/\/hsc1881.de\/eiskunstlauf\/wp-json\/wp\/v2\/media?parent=357"}],"curies":[{"name":"wp","href":"https:\/\/api.w.org\/{rel}","templated":true}]}}