{"id":380,"date":"2015-01-01T11:46:01","date_gmt":"2015-01-01T10:46:01","guid":{"rendered":"http:\/\/www.hsc1881.de\/blog\/?page_id=380"},"modified":"2017-11-18T15:49:18","modified_gmt":"2017-11-18T14:49:18","slug":"schaulaufen","status":"publish","type":"page","link":"https:\/\/hsc1881.de\/eiskunstlauf\/aktivitaten\/schaulaufen\/","title":{"rendered":"Schaulaufen"},"content":{"rendered":"<p><b>Er\u00f6ffnung Eisvergn\u00fcgen Elmshorn am 17. November 2017<\/b><br \/>\nngg_shortcode_0_placeholder<\/p>\n<hr width=\"100%\" size=\"1\" noshade>\n<b>Schaulaufen in Heide am Nikolaus 2016<\/b><\/p>\n<p><img loading=\"lazy\" decoding=\"async\" src=\"http:\/\/hsc1881.de\/eiskunstlauf\/wp-content\/uploads\/2015\/01\/Schaulaufen-Heide-1.jpg\" alt=\"\" width=\"424\" height=\"239\" class=\"alignnone size-full wp-image-4119\" srcset=\"https:\/\/hsc1881.de\/eiskunstlauf\/wp-content\/uploads\/2015\/01\/Schaulaufen-Heide-1.jpg 424w, https:\/\/hsc1881.de\/eiskunstlauf\/wp-content\/uploads\/2015\/01\/Schaulaufen-Heide-1-300x169.jpg 300w\" sizes=\"auto, (max-width: 424px) 100vw, 424px\" \/><br \/>\n<img loading=\"lazy\" decoding=\"async\" src=\"http:\/\/hsc1881.de\/eiskunstlauf\/wp-content\/uploads\/2015\/01\/Schaulaufen-Heide-2.jpg\" alt=\"\" width=\"424\" height=\"208\" class=\"alignnone size-full wp-image-4118\" srcset=\"https:\/\/hsc1881.de\/eiskunstlauf\/wp-content\/uploads\/2015\/01\/Schaulaufen-Heide-2.jpg 424w, https:\/\/hsc1881.de\/eiskunstlauf\/wp-content\/uploads\/2015\/01\/Schaulaufen-Heide-2-300x147.jpg 300w\" sizes=\"auto, (max-width: 424px) 100vw, 424px\" \/><\/p>\n<p><img decoding=\"async\" src=\"http:\/\/hsc1881.de\/eiskunstlauf\/wp-content\/uploads\/2015\/01\/Heide1-300x225.jpg\"> <img decoding=\"async\" src=\"http:\/\/hsc1881.de\/eiskunstlauf\/wp-content\/uploads\/2015\/01\/Heide2-225x300.jpg\"><\/p>\n<hr width=\"100%\" size=\"1\" noshade>\n<p><!-- <img decoding=\"async\" src=\"http:\/\/www.radiohamburg.de\/var\/ezflow_site\/storage\/images\/radiohh\/nachrichten\/schleswig-holstein-themen\/2015\/november\/grosser-weihnachtsmarkt-bei-moebel-kraft\/multi-upload-images\/03-mk\/50779296-1-ger-DE\/03-MK_gallery_rs.jpg\" style=\"width:40%;float:left;padding-right:20px;padding-bottom:20px;\" \/> -->Eine kleine &#8222;Presseschau&#8220; unseres Auftritts bei M\u00f6bel Kraft in Bad Segeberg:<\/p>\n<ul>\n<li><a href=\"http:\/\/www.radiohamburg.de\/Programm\/Aktionen\/2015\/November\/Bad-Segeberg-Grosser-Weihnachtsmarkt-bei-MOeBEL-KRAFT\" target=\"_blank\">Bericht von Radio Hamburg<\/a><\/li>\n<li><a href=\"https:\/\/www.facebook.com\/moebelkraft\/photos\/a.335573046487623.82573.278284372216491\/1047591858619068\/?type=3\" target=\"_blank\">M\u00f6bel Kraft bei Facebook<\/a><\/li>\n<li><a href=\"https:\/\/www.youtube.com\/watch?v=VZ-jqTrWjlo\" target=\"_blank\">Malus Show bei Youtube<\/a><\/li>\n<li><a href=\"http:\/\/www.ln-online.de\/Lokales\/Segeberg\/Heiss-erwartet-Die-Eiszeit-bei-Moebel-Kraft\" target=\"_blank\">LN-Online<\/a><\/li>\n<li><a href=\"https:\/\/epaper.segeberger-zeitung.de\/\" target=\"_blank\">ePaper der Segeberger Zeitung<\/a><\/li>\n<\/ul>\n<div style=\"clear:both;\"><\/div>\n<p><img decoding=\"async\" src=\"http:\/\/www.shz.de\/img\/incoming\/crop11294211\/0156398768-cv16_9-w596\/pe-eisbahneroeffnung-1-.jpg\" style=\"width:40%;float:left;padding-right:20px;padding-bottom:20px;\" \/>Eine weitere &#8222;Presseschau&#8220; unseres Autritts in Elmshorn:<\/p>\n<ul>\n<li><a href=\"http:\/\/www.shz.de\/lokales\/elmshorner-nachrichten\/sechs-wochen-eisvergnuegen-auf-dem-holstenplatz-id11063376.html\" target=\"_blank\">Elmshorner Nachrichten<\/a><\/li>\n<li><a href=\"http:\/\/www.shz.de\/lokales\/elmshorner-nachrichten\/gluecklicher-start-in-den-winter-id11291916.html\" target=\"_blank\">Pressekonferenz<\/a><\/li>\n<li><a href=\"https:\/\/www.facebook.com\/media\/set\/?set=a.512906078880366.1073741834.350241671813475&#038;type=3\" target=\"_blank\">unser Bilder der Pressekonferenz<\/a><\/li>\n<\/ul>\n<div style=\"clear:both;\"><\/div>\n<p><img decoding=\"async\" src=\"http:\/\/hsc1881.de\/eiskunstlauf\/wp-content\/uploads\/2015\/01\/image1-e1453054693125.jpg\" style=\"width:40%;float:left;padding-right:20px;padding-bottom:20px;\" \/>03. Jan 2016 Schenefeld Eisbahner\u00f6ffnung<\/p>\n<div style=\"clear:both;\"><\/div>\n<p><img decoding=\"async\" src=\"http:\/\/hsc1881.de\/eiskunstlauf\/wp-content\/uploads\/2014\/11\/schaulaufen.gif\" style=\"width:40%;float:left;padding-right:20px;padding-bottom:20px;\" \/>In der Vorweihnachtszeit werden auf vielen regionalen Weihnachtsm\u00e4rkten mobile Eisbahnen errichtet. <br \/>\nIm November, Dezember und Januar ist der HSC, wie in jedem Jahr, auf mehreren dieser mobilen Eisbahnen vertreten und begeistert dort das Publikum mit einem Schaulaufen.\u00a0 Unter anderem zeigten unsere L\u00e4uferinnen in Hamburg, Kiel, Scharbeutz, Bad Segeberg, Brunsb\u00fcttel, Schwerin, Wentorf, Schwentinental, Schenefeld und L\u00fcbeck ihr K\u00f6nnen.<span style=\"float:none;\">&nbsp;<\/span><br \/>\n<!--\n\n<h3> n\u00e4chste Schaulauftermine<\/h3>\n\n\n\n29. Nov2014 <a href=\"http:\/\/www.ln-online.de\/Lokales\/Ostholstein\/Eis-Prinzessin-eroeffnet-das-Weihnachtsvergnuegen\" target=\"_blank\">Oldenburg\/Holstein<\/a> 16.00 Uhr\n06. Dez2014 <a href=\"http:\/\/www.duenenmeile-on-ice.de\/\" target=\"_blank\">Scharbeutz<\/a>\n04. Jan2015 <a href=\"https:\/\/www.stadtzentrum-schenefeld.de\/veranstaltungen\/verkaufsoffener-sonntag.html\" target=\"_blank\">Schenefeld<\/a> 13.00 Uhr\n15. Feb2015 <a href=\"http:\/\/www.kinderkrebs-hamburg.de\/aktuelles\/termine\/einzelansicht\/article\/luftballon-event-auf-der-eisbahn-am-internationalen-tag-des-krebskranken-kindes.html\" target=\"_blank\">Internationale Tag des krebskranken Kindes in der INDOO Eisbahn Hamburg<\/a> 15.00 Uhr --><br \/>\n<img decoding=\"async\" src=\"http:\/\/hsc1881.de\/eiskunstlauf\/wp-content\/uploads\/2015\/01\/Foto-Er\u00f6ffnung-2011-e1443963434966.jpg\" alt=\"Eisbahn Eroeffnung\" width=\"100%\" \/><\/p>\n","protected":false},"excerpt":{"rendered":"<p>Er\u00f6ffnung Eisvergn\u00fcgen Elmshorn am 17. November 2017 Schaulaufen in Heide am Nikolaus 2016 Eine kleine &#8222;Presseschau&#8220; unseres Auftritts bei M\u00f6bel Kraft in Bad Segeberg: Bericht von Radio Hamburg M\u00f6bel Kraft bei Facebook Malus Show bei Youtube LN-Online ePaper der Segeberger Zeitung Eine weitere &#8222;Presseschau&#8220; unseres Autritts in Elmshorn: Elmshorner Nachrichten Pressekonferenz unser Bilder der Pressekonferenz [&hellip;]<\/p>\n","protected":false},"author":11,"featured_media":0,"parent":374,"menu_order":0,"comment_status":"closed","ping_status":"open","template":"page-c2right.php","meta":{"ngg_post_thumbnail":0,"footnotes":""},"class_list":["post-380","page","type-page","status-publish","hentry"],"_links":{"self":[{"href":"https:\/\/hsc1881.de\/eiskunstlauf\/wp-json\/wp\/v2\/pages\/380","targetHints":{"allow":["GET"]}}],"collection":[{"href":"https:\/\/hsc1881.de\/eiskunstlauf\/wp-json\/wp\/v2\/pages"}],"about":[{"href":"https:\/\/hsc1881.de\/eiskunstlauf\/wp-json\/wp\/v2\/types\/page"}],"author":[{"embeddable":true,"href":"https:\/\/hsc1881.de\/eiskunstlauf\/wp-json\/wp\/v2\/users\/11"}],"replies":[{"embeddable":true,"href":"https:\/\/hsc1881.de\/eiskunstlauf\/wp-json\/wp\/v2\/comments?post=380"}],"version-history":[{"count":76,"href":"https:\/\/hsc1881.de\/eiskunstlauf\/wp-json\/wp\/v2\/pages\/380\/revisions"}],"predecessor-version":[{"id":4161,"href":"https:\/\/hsc1881.de\/eiskunstlauf\/wp-json\/wp\/v2\/pages\/380\/revisions\/4161"}],"up":[{"embeddable":true,"href":"https:\/\/hsc1881.de\/eiskunstlauf\/wp-json\/wp\/v2\/pages\/374"}],"wp:attachment":[{"href":"https:\/\/hsc1881.de\/eiskunstlauf\/wp-json\/wp\/v2\/media?parent=380"}],"curies":[{"name":"wp","href":"https:\/\/api.w.org\/{rel}","templated":true}]}}