{"id":5087,"date":"2019-09-20T22:27:07","date_gmt":"2019-09-20T20:27:07","guid":{"rendered":"http:\/\/hsc1881.de\/eiskunstlauf\/?page_id=5087"},"modified":"2019-09-20T22:56:15","modified_gmt":"2019-09-20T20:56:15","slug":"erlaeuterungen-zu-den-trainingsgruppen","status":"publish","type":"page","link":"https:\/\/hsc1881.de\/eiskunstlauf\/erlaeuterungen-zu-den-trainingsgruppen\/","title":{"rendered":"Erl\u00e4uterungen zu den Trainingsgruppen"},"content":{"rendered":"<h3 id=\"ClubtrainingKinder\">Clubtraining \/ Anf\u00e4ngertraining &#8211; Kinder<\/h3>\n<p>Das Clubtraining\/Anf\u00e4ngertraining ist f\u00fcr Kinder (von 3 bis 6 Jahren) gedacht, die Eislaufen lernen wollen.<\/p>\n<p>Unsere Kurse finden in der INDOO Eisarena ab November immer w\u00f6chentlich statt. Die jeweiligen Kurszeiten findet Ihr bei uns auf der Homepage.<\/p>\n<p>Im Clubtraining werden die Kinder nach ihrem Leistungsstand in Gruppen eingeteilt und erlernen hier die Basics des Eiskunstlauf: von Vorw\u00e4rts laufen, R\u00fcckw\u00e4rts laufen, Eierlaufen, Bremsen, Storch, Hocke bis zu einfachen Pirouetten und Spr\u00fcngen.<\/p>\n<p>Es gibt jedes Jahr eine Weihnachts- und Faschingsfeier auf dem Eis, sowie kleine Pr\u00fcfungen f\u00fcr den \u201ekleinen Eisl\u00e4ufer-Pass\u201c.<\/p>\n<p>Das Clubtraining ist f\u00fcr uns auch dazu da, nach geeignetem Nachwuchs f\u00fcr den Wettbewerbssport Ausschau zu halten. Dieser Nachwuchs sollte das Alter von 7 Jahren nicht \u00fcberschreiten, da es danach sehr schwierig ist, auf Wettbewerbsbasis erfolgreich zu sein.<\/p>\n<p>Was ben\u00f6tigt man, um am Clubtraining teilzunehmen?<\/p>\n<ul style=\"list-style-type:square;\">\n<li>Schlittschuhe mit Zacken (wer noch keine besitzt, kann diese bei uns gegen eine Geb\u00fchr entleihen, gerne auch f\u00fcr die ganze Saison)<\/li>\n<li>Handschuhe<\/li>\n<li>Warme Kleidung, in der sich das Kind aber immer noch gut bewegen k\u00f6nnen sollte<\/li>\n<\/ul>\n<p>Wir freuen uns auf Euch!<\/p>\n<p>&nbsp;<\/p>\n<h3 id=\"ClubtrainingKinderJugendliche\">Clubtraining \u2013 Kinder und Jugendliche (Anf\u00e4nger und Fortgeschrittene)<\/h3>\n<p>F\u00fcr Kinder (ab 8 Jahren) und Jugendliche gibt es auch die M\u00f6glichkeit Eislaufen zu lernen.<\/p>\n<p>Unsere Kurse finden in der INDOO Eisarena ab November immer w\u00f6chentlich statt. Die jeweiligen Kurszeiten findet ihr bei uns auf der Homepage.<\/p>\n<p>Im Clubtraining werden die Kinder und Jugendlichen nach ihrem Leistungsstand in Gruppen eingeteilt und erlernen hier die Basics des Eiskunstlauf: von Vorw\u00e4rts laufen, R\u00fcckw\u00e4rts laufen, Eierlaufen, Bremsen, Storch, Hocke bis zu einfachen Pirouetten, Spr\u00fcngen und Schritten und Pflichtb\u00f6gen.<\/p>\n<h3 id=\"WettbewerbBreitensport\">Wettbewerbsl\u00e4ufer Breitensport<\/h3>\n<p>Diese Sparte ist f\u00fcr Kinder gedacht, die gerne mehr machen wollen als das Clubtraining und auch auf Wettbewerben starten m\u00f6chten. Wer sein Kind hier sehen m\u00f6chte, sollte gew\u00e4hrleisten k\u00f6nnen, dass das Kind zwei- bis dreimal pro Woche auf dem Eis steht und auch ein- bis zweimal pro Woche Trockentraining macht. Optimal w\u00e4re dazu noch Ballettunterricht. Das Einstiegsalter hier sollte zwischen 4 und 8 Jahren liegen. Bei entsprechenden Vorkenntnissen ist ein sp\u00e4terer Einstieg nach Absprache auch m\u00f6glich.<\/p>\n<p>Gegen Ende der Eissaison gibt es eine Clubmeisterschaft, wo die Kinder einer Fachjury das Gelernte zeigen. An weiteren Wettbewerben in anderen Bundesl\u00e4ndern kann dann auch teilgenommen werden.<\/p>\n<p>Was wird ben\u00f6tigt?<\/p>\n<ul style=\"list-style-type:square;\">\n<li>eigene Schlittschuhe der Marken Risport, Edea, Wifa, Graf<\/li>\n<li>Trainingskleidung (enganliegend, warm)<\/li>\n<li>Handschuhe<\/li>\n<li>K\u00fcrkleid \/ K\u00fcranzug mit hautfarbenem Body zum Unterziehen und hautfarbener Strumpfhose<\/li>\n<li>K\u00fcrmusik<\/li>\n<\/ul>\n<p>Bei der Wahl und Beschaffung der Schlittschuhe und Kleidung beraten wir gerne und vermitteln auch gebrauchte Kleidung und Schlittschuhe.<\/p>\n<p>&nbsp;<\/p>\n<h3 id=\"WettbewerbLeistungssport\">Wettbewerbsl\u00e4ufer Leistungssport<\/h3>\n<p>Diese Sparte ist f\u00fcr Kinder gedacht, die gerne Eiskunstlauf als Leistungssport machen m\u00f6chten. Wer sein Kind hier sehen m\u00f6chte, sollte gew\u00e4hrleisten k\u00f6nnen, dass das Kind bis zu jedem Tag auf dem Eis steht, zwei- bis dreimal pro Woche Trockentraining und mind. einmal pro Woche Ballett macht.<\/p>\n<p>Das Einstiegsalter sollte zwischen 4 und maximal 7 Jahren liegen. Nat\u00fcrlich ist es prinzipiell auch m\u00f6glich, bei entsprechender Eignung oder bei Vorkenntnissen etwas sp\u00e4ter einzusteigen. Ein Wechsel vom Breiten- in den Leistungssport ist auch m\u00f6glich.<\/p>\n<p>Unsere Eiszeiten hierf\u00fcr finden in Farmsen und in der VOBA statt.<\/p>\n<p>Was wird ben\u00f6tigt?<\/p>\n<ul style=\"list-style-type:square;\">\n<li>eigene, hochwertige Schlittschuhe der Marken Risport, Edea, Wifa, Graf<\/li>\n<li>Trainingskleidung (enganliegend, warm)<\/li>\n<li>Handschuhe<\/li>\n<li>K\u00fcrkleid \/ K\u00fcranzug mit hautfarbenem Body zum Unterziehen und hautfarbener Strumpfhose<\/li>\n<li>K\u00fcrmusik<\/li>\n<\/ul>\n<p>Bei der Wahl und Beschaffung der Schlittschuhe und Kleidung beraten wir gerne und vermitteln auch gebrauchte Kleidung und Schlittschuhe.<\/p>\n<h3 id=\"Erwachsene\">Erwachsenenkurse \u2013 Anf\u00e4nger, Fortgeschrittenen, Wettbewerbsl\u00e4ufer<\/h3>\n<p>Auch f\u00fcr Erwachsene bieten wir Eiskunstlauf an.<\/p>\n<p>Im Clubtraining werden die Erwachsenen nach ihrem Leistungsstand in Gruppen eingeteilt und erlernen hier die Basics des Eiskunstlauf: von Vorw\u00e4rts laufen, R\u00fcckw\u00e4rts laufen, Eierlaufen, Bremsen, Storch, Hocke bis zu einfachen Pirouetten, Spr\u00fcngen und Schritten und Pflichtb\u00f6gen. Mit unseren Fortgeschrittenen und Wettbewerbsl\u00e4ufer erarbeiten wir Schrittfolgen und K\u00fcren.<\/p>\n<p>Unsere Kurse finden in der INDOO Eisarena ab November immer w\u00f6chentlich statt. Die jeweiligen Kurszeiten findet ihr bei uns auf der Homepage.<\/p>\n<p>Was ben\u00f6tigt man, um am Clubtraining\/Erwachsenentraining teilzunehmen?<\/p>\n<ul style=\"list-style-type:square;\">\n<li>Schlittschuhe mit Zacken (wer noch keine besitzt, kann diese bei uns gegen eine Geb\u00fchr entleihen, gerne auch f\u00fcr die ganze Saison)<\/li>\n<li>Handschuhe<\/li>\n<li>Warme Kleidung, in der man aber immer noch gut bewegen k\u00f6nnen sollteSp\u00e4ter gerne auch:\n<ul style=\"list-style-type:square;\">\n<li>eigene Schlittschuhe der Marken Risport, Edea, Wifa, Graf<\/li>\n<li>Trainingskleidung (enganliegend, warm)<\/li>\n<li>Handschuhe<\/li>\n<li>K\u00fcrmusik<\/li>\n<\/ul>\n<p>Wir freuen uns auf Euch!<\/li>\n<\/ul>\n","protected":false},"excerpt":{"rendered":"<p>Clubtraining \/ Anf\u00e4ngertraining &#8211; Kinder Das Clubtraining\/Anf\u00e4ngertraining ist f\u00fcr Kinder (von 3 bis 6 Jahren) gedacht, die Eislaufen lernen wollen. Unsere Kurse finden in der INDOO Eisarena ab November immer w\u00f6chentlich statt. Die jeweiligen Kurszeiten findet Ihr bei uns auf der Homepage. Im Clubtraining werden die Kinder nach ihrem Leistungsstand in Gruppen eingeteilt und erlernen [&hellip;]<\/p>\n","protected":false},"author":11,"featured_media":0,"parent":0,"menu_order":0,"comment_status":"closed","ping_status":"closed","template":"","meta":{"ngg_post_thumbnail":0,"footnotes":""},"class_list":["post-5087","page","type-page","status-publish","hentry"],"_links":{"self":[{"href":"https:\/\/hsc1881.de\/eiskunstlauf\/wp-json\/wp\/v2\/pages\/5087","targetHints":{"allow":["GET"]}}],"collection":[{"href":"https:\/\/hsc1881.de\/eiskunstlauf\/wp-json\/wp\/v2\/pages"}],"about":[{"href":"https:\/\/hsc1881.de\/eiskunstlauf\/wp-json\/wp\/v2\/types\/page"}],"author":[{"embeddable":true,"href":"https:\/\/hsc1881.de\/eiskunstlauf\/wp-json\/wp\/v2\/users\/11"}],"replies":[{"embeddable":true,"href":"https:\/\/hsc1881.de\/eiskunstlauf\/wp-json\/wp\/v2\/comments?post=5087"}],"version-history":[{"count":9,"href":"https:\/\/hsc1881.de\/eiskunstlauf\/wp-json\/wp\/v2\/pages\/5087\/revisions"}],"predecessor-version":[{"id":5099,"href":"https:\/\/hsc1881.de\/eiskunstlauf\/wp-json\/wp\/v2\/pages\/5087\/revisions\/5099"}],"wp:attachment":[{"href":"https:\/\/hsc1881.de\/eiskunstlauf\/wp-json\/wp\/v2\/media?parent=5087"}],"curies":[{"name":"wp","href":"https:\/\/api.w.org\/{rel}","templated":true}]}}