{"id":5641,"date":"2024-10-13T23:21:41","date_gmt":"2024-10-13T21:21:41","guid":{"rendered":"https:\/\/hsc1881.de\/eiskunstlauf\/?page_id=5641"},"modified":"2025-03-30T18:56:45","modified_gmt":"2025-03-30T16:56:45","slug":"27-hamburger-michel-2025","status":"publish","type":"page","link":"https:\/\/hsc1881.de\/eiskunstlauf\/27-hamburger-michel-2025\/","title":{"rendered":"27. Hamburger Michel 2025"},"content":{"rendered":"<p><img decoding=\"async\" style=\"float: left;\" src=\"https:\/\/hsc1881.de\/eiskunstlauf\/wp-content\/uploads\/2024\/10\/Logo-Hamburger-Michel-Cup-2025_klein.jpg\" hspace=\"20\" vspace=\"5\">&nbsp; Am Samstag <b>29.03.2025<\/b> fand im Eisland Farmsen der <b>27. Hamburger&nbsp; Michel 2025<\/b> statt.<br \/>\nWir bedanken uns bei allen Teilnehmern f\u00fcr den sch\u00f6nen Hamburger Michel, bis zum n\u00e4chsten Jahr !<br \/>\nVi vil gerne takke alle deltagere for den gode Hamburger Michel, vi ses n\u00e6ste \u00e5r!<\/p>\n<p><span style=\"font-family: verdana;\">&nbsp; &nbsp;\u2022<\/span> <a href=\"https:\/\/hsc1881.de\/eiskunstlauf\/wp-content\/uploads\/2025\/01\/Announcement-Hamburger-Michel-2025.pdf\" target=\"_blank\" rel=\"noopener noreferrer\">Announcement Hamburger Michel 2025<\/a><\/p>\n<p><span style=\"font-family: verdana;\">&nbsp; &nbsp;\u2022 <\/span><a href=\"https:\/\/hsc1881.de\/Michel_2025\" target=\"_blank\" rel=\"noopener\">Results\/Ergebnisse<\/a><\/p>\n","protected":false},"excerpt":{"rendered":"<p>&nbsp; Am Samstag 29.03.2025 fand im Eisland Farmsen der 27. Hamburger&nbsp; Michel 2025 statt. Wir bedanken uns bei allen Teilnehmern f\u00fcr den sch\u00f6nen Hamburger Michel, bis zum n\u00e4chsten Jahr ! Vi vil gerne takke alle deltagere for den gode Hamburger Michel, vi ses n\u00e6ste \u00e5r! &nbsp; &nbsp;\u2022 Announcement Hamburger Michel 2025 &nbsp; &nbsp;\u2022 Results\/Ergebnisse<\/p>\n","protected":false},"author":11,"featured_media":0,"parent":0,"menu_order":0,"comment_status":"closed","ping_status":"closed","template":"","meta":{"ngg_post_thumbnail":0,"footnotes":""},"class_list":["post-5641","page","type-page","status-publish","hentry"],"_links":{"self":[{"href":"https:\/\/hsc1881.de\/eiskunstlauf\/wp-json\/wp\/v2\/pages\/5641","targetHints":{"allow":["GET"]}}],"collection":[{"href":"https:\/\/hsc1881.de\/eiskunstlauf\/wp-json\/wp\/v2\/pages"}],"about":[{"href":"https:\/\/hsc1881.de\/eiskunstlauf\/wp-json\/wp\/v2\/types\/page"}],"author":[{"embeddable":true,"href":"https:\/\/hsc1881.de\/eiskunstlauf\/wp-json\/wp\/v2\/users\/11"}],"replies":[{"embeddable":true,"href":"https:\/\/hsc1881.de\/eiskunstlauf\/wp-json\/wp\/v2\/comments?post=5641"}],"version-history":[{"count":21,"href":"https:\/\/hsc1881.de\/eiskunstlauf\/wp-json\/wp\/v2\/pages\/5641\/revisions"}],"predecessor-version":[{"id":5756,"href":"https:\/\/hsc1881.de\/eiskunstlauf\/wp-json\/wp\/v2\/pages\/5641\/revisions\/5756"}],"wp:attachment":[{"href":"https:\/\/hsc1881.de\/eiskunstlauf\/wp-json\/wp\/v2\/media?parent=5641"}],"curies":[{"name":"wp","href":"https:\/\/api.w.org\/{rel}","templated":true}]}}