{"id":5767,"date":"2025-08-20T22:52:26","date_gmt":"2025-08-20T20:52:26","guid":{"rendered":"https:\/\/hsc1881.de\/eiskunstlauf\/?page_id=5767"},"modified":"2025-09-06T21:28:02","modified_gmt":"2025-09-06T19:28:02","slug":"termine-fuer-die-saison-2025-2026","status":"publish","type":"page","link":"https:\/\/hsc1881.de\/eiskunstlauf\/termine-fuer-die-saison-2025-2026\/","title":{"rendered":"Termine f\u00fcr die Saison 2025\/2026"},"content":{"rendered":"\n<table id=\"tablepress-17\" class=\"tablepress tablepress-id-17\">\n<thead>\n<tr class=\"row-1\">\n\t<th class=\"column-1\">Wettbewerb<\/th><th class=\"column-2\">Datum<\/th><th class=\"column-3\">Ort<\/th><th class=\"column-4\">Eishalle<\/th><th class=\"column-5\">Webseite<\/th>\n<\/tr>\n<\/thead>\n<tbody class=\"row-striping row-hover\">\n<tr class=\"row-2\">\n\t<td class=\"column-1\">Hessenpokal 2025<\/td><td class=\"column-2\">31.10. &#8211; 01.11.2025<\/td><td class=\"column-3\">Frankfurt<\/td><td class=\"column-4\">Eissporthalle Frankfurt<br \/>\nAm Bornheimer Hang 4<br \/>\n60386 Frankfurt am Main<\/td><td class=\"column-5\">https:\/\/www.eissporthessen.de\/eiskunstlauf<\/td>\n<\/tr>\n<tr class=\"row-3\">\n\t<td class=\"column-1\">25. Christmas Cup 2025<\/td><td class=\"column-2\">07. &#8211; 08.11.2025<\/td><td class=\"column-3\">Bremerhaven<\/td><td class=\"column-4\">Eisarena Bremerhaven<br \/>\nWilhelm-Kaisen-Platz 1<br \/>\nBremerhaven<\/td><td class=\"column-5\">https:\/\/www.schlittschuhclub-bremerhaven.de\/christmas-cup\/<\/td>\n<\/tr>\n<tr class=\"row-4\">\n\t<td class=\"column-1\">08. Diezer Lahn-Pokal 2025<\/td><td class=\"column-2\">21.- 22.11.2025<\/td><td class=\"column-3\">Diez<\/td><td class=\"column-4\">Eissporthalle Diez<br \/>\nAm Hallenbad 4<br \/>\n65582 Diez<\/td><td class=\"column-5\"><\/td>\n<\/tr>\n<tr class=\"row-5\">\n\t<td class=\"column-1\">Offene Th\u00fcringer Meisterschaften 2025<\/td><td class=\"column-2\">21. &#8211; 23.11.2025<\/td><td class=\"column-3\">Erfurt<\/td><td class=\"column-4\">Eissportzentrum Erfurt<br \/>\nArnst\u00e4dter Str. 53<br \/>\n99096 Erfurt<\/td><td class=\"column-5\">https:\/\/www.eiskunstlauf-erfurt.de\/ausschreibung,-zeitplan,-ergebnisse-otm.html<\/td>\n<\/tr>\n<tr class=\"row-6\">\n\t<td class=\"column-1\">Joachim Edel Pokal 2025<\/td><td class=\"column-2\">29. &#8211; 30.11.2025<\/td><td class=\"column-3\">Bad Nauheim<\/td><td class=\"column-4\">Eisstadion Bad Nauheim<br \/>\nN\u00f6rdlicher Park 18<br \/>\n61231 Bad Nauheim<\/td><td class=\"column-5\">https:\/\/www.lsc-badnauheim.de\/eiskunstlauf\/termine.html<\/td>\n<\/tr>\n<tr class=\"row-7\">\n\t<td class=\"column-1\">28. Hamburger Michel 2026<\/td><td class=\"column-2\">04.04.2026<\/td><td class=\"column-3\">Hamburg<\/td><td class=\"column-4\">Eisland Farmsen<\/td><td class=\"column-5\">https:\/\/hsc1881.de\/<\/td>\n<\/tr>\n<\/tbody>\n<\/table>\n\n\n\n<p class=\"has-normal-font-size\">weitere Wettbewerbe sind auf der Seite der <a rel=\"noreferrer noopener\" href=\"http:\/\/deu-info.de\/informationen\/liste-veranstaltungen\" target=\"_blank\">DEU<\/a> zu finden! <\/p>\n\n\n\n<p><small><u>Rechtlicher Hinweis:<\/u> Der HSC \u00fcbernimmt f\u00fcr oben genannten Termine keine Gew\u00e4hr.<\/small><\/p>\n","protected":false},"excerpt":{"rendered":"<p>weitere Wettbewerbe sind auf der Seite der DEU zu finden! Rechtlicher Hinweis: Der HSC \u00fcbernimmt f\u00fcr oben genannten Termine keine Gew\u00e4hr.<\/p>\n","protected":false},"author":11,"featured_media":0,"parent":0,"menu_order":0,"comment_status":"closed","ping_status":"closed","template":"","meta":{"ngg_post_thumbnail":0,"footnotes":""},"class_list":["post-5767","page","type-page","status-publish","hentry"],"_links":{"self":[{"href":"https:\/\/hsc1881.de\/eiskunstlauf\/wp-json\/wp\/v2\/pages\/5767","targetHints":{"allow":["GET"]}}],"collection":[{"href":"https:\/\/hsc1881.de\/eiskunstlauf\/wp-json\/wp\/v2\/pages"}],"about":[{"href":"https:\/\/hsc1881.de\/eiskunstlauf\/wp-json\/wp\/v2\/types\/page"}],"author":[{"embeddable":true,"href":"https:\/\/hsc1881.de\/eiskunstlauf\/wp-json\/wp\/v2\/users\/11"}],"replies":[{"embeddable":true,"href":"https:\/\/hsc1881.de\/eiskunstlauf\/wp-json\/wp\/v2\/comments?post=5767"}],"version-history":[{"count":3,"href":"https:\/\/hsc1881.de\/eiskunstlauf\/wp-json\/wp\/v2\/pages\/5767\/revisions"}],"predecessor-version":[{"id":5786,"href":"https:\/\/hsc1881.de\/eiskunstlauf\/wp-json\/wp\/v2\/pages\/5767\/revisions\/5786"}],"wp:attachment":[{"href":"https:\/\/hsc1881.de\/eiskunstlauf\/wp-json\/wp\/v2\/media?parent=5767"}],"curies":[{"name":"wp","href":"https:\/\/api.w.org\/{rel}","templated":true}]}}