{"id":5774,"date":"2026-01-05T21:09:55","date_gmt":"2026-01-05T20:09:55","guid":{"rendered":"https:\/\/hsc1881.de\/eiskunstlauf\/?page_id=5774"},"modified":"2026-04-06T09:33:31","modified_gmt":"2026-04-06T07:33:31","slug":"28-hamburger-michel-2026","status":"publish","type":"page","link":"https:\/\/hsc1881.de\/eiskunstlauf\/28-hamburger-michel-2026\/","title":{"rendered":"28. Hamburger Michel 2026"},"content":{"rendered":"<p><img decoding=\"async\" style=\"float: left;\" src=\"https:\/\/hsc1881.de\/eiskunstlauf\/wp-content\/uploads\/2025\/09\/Logo-Hamburger-Michel-Cup-2026_klein.jpg\" hspace=\"20\" vspace=\"15\">&nbsp; Am <b>Ostersamstag 04. April 2026<\/b> fand im Eisland Farmsen der <b>28. Hamburger Michel 2026<\/b> statt.<\/p>\n<p>\nWir bedanken uns bei allen Teilnehmern f\u00fcr den sch\u00f6nen Hamburger Michel, bis zum n\u00e4chsten Jahr !<br \/>\nVi vil gerne takke alle deltagere for den gode Hamburger Michel, vi ses n\u00e6ste \u00e5r!<br \/>\nVi tackar alla deltagare f\u00f6r den trevliga dagen p\u00e5 Hamburger Michel \u2013 vi ses n\u00e4sta \u00e5r!<\/p>\n<p>Der Wettbewerb ist auch auf <b>SportEuropeTV<\/b> zu finden.<br \/>Auf Grund technischer Probleme konnten wir leider nur einen kurzen Teil <a href=\"https:\/\/sporteurope.tv\/hsc1881\/28-hamburger-michel-2026-teil-1\" target=\"_blank\">streamen (zum 2. Teil springen)<\/a><\/p>\n<p><span style=\"font-family: verdana;\">&nbsp; &nbsp;\u2022<\/span>  <a href=\"https:\/\/hsc1881.de\/eiskunstlauf\/wp-content\/uploads\/2026\/02\/Announcement-Hamburger-Michel-2026.pdf\" target=\"_blank\" rel=\"noopener noreferrer\">Announcement Hamburger Michel 2026<\/a><br \/>\n<span style=\"font-family: verdana;\">&nbsp; &nbsp;\u2022<\/span>  <a href=\"https:\/\/hsc1881.de\/Michel_2026\/Results\/\" target=\"_blank\">Results\/Ergebnisse<\/a><\/p>\n","protected":false},"excerpt":{"rendered":"<p>&nbsp; Am Ostersamstag 04. April 2026 fand im Eisland Farmsen der 28. Hamburger Michel 2026 statt. Wir bedanken uns bei allen Teilnehmern f\u00fcr den sch\u00f6nen Hamburger Michel, bis zum n\u00e4chsten Jahr ! Vi vil gerne takke alle deltagere for den gode Hamburger Michel, vi ses n\u00e6ste \u00e5r! Vi tackar alla deltagare f\u00f6r den trevliga dagen [&hellip;]<\/p>\n","protected":false},"author":11,"featured_media":0,"parent":0,"menu_order":-1,"comment_status":"closed","ping_status":"closed","template":"","meta":{"ngg_post_thumbnail":0,"footnotes":""},"class_list":["post-5774","page","type-page","status-publish","hentry"],"_links":{"self":[{"href":"https:\/\/hsc1881.de\/eiskunstlauf\/wp-json\/wp\/v2\/pages\/5774","targetHints":{"allow":["GET"]}}],"collection":[{"href":"https:\/\/hsc1881.de\/eiskunstlauf\/wp-json\/wp\/v2\/pages"}],"about":[{"href":"https:\/\/hsc1881.de\/eiskunstlauf\/wp-json\/wp\/v2\/types\/page"}],"author":[{"embeddable":true,"href":"https:\/\/hsc1881.de\/eiskunstlauf\/wp-json\/wp\/v2\/users\/11"}],"replies":[{"embeddable":true,"href":"https:\/\/hsc1881.de\/eiskunstlauf\/wp-json\/wp\/v2\/comments?post=5774"}],"version-history":[{"count":40,"href":"https:\/\/hsc1881.de\/eiskunstlauf\/wp-json\/wp\/v2\/pages\/5774\/revisions"}],"predecessor-version":[{"id":5892,"href":"https:\/\/hsc1881.de\/eiskunstlauf\/wp-json\/wp\/v2\/pages\/5774\/revisions\/5892"}],"wp:attachment":[{"href":"https:\/\/hsc1881.de\/eiskunstlauf\/wp-json\/wp\/v2\/media?parent=5774"}],"curies":[{"name":"wp","href":"https:\/\/api.w.org\/{rel}","templated":true}]}}