{"id":6,"date":"2014-11-18T13:36:09","date_gmt":"2014-11-18T12:36:09","guid":{"rendered":"http:\/\/www.hsc1881.de\/blog\/?page_id=6"},"modified":"2014-11-18T13:46:53","modified_gmt":"2014-11-18T12:46:53","slug":"verein","status":"publish","type":"page","link":"https:\/\/hsc1881.de\/eiskunstlauf\/verein\/","title":{"rendered":"Verein"},"content":{"rendered":"<p>Der Hamburger Schlittschuhclub (HSC) wurde im Jahr 1881 gegr\u00fcndet. Damit ist er der \u00e4lteste Eislaufverein Deutschlands und blickt auf eine lange Geschichte zur\u00fcck. Fr\u00fcher umfasste er s\u00e4mtliche Sparten des Eissportes, also auch Eishockey. Heute wird im HSC Eiskunst- und Eisschnelllauf betrieben.<\/p>\n<p><img decoding=\"async\" src=\"http:\/\/hsc1881.de\/eiskunstlauf\/wp-content\/uploads\/2009\/08\/history.png\" alt=\"Geschichte des HSC\" style=\"float:left;padding-right:20px;width:40%;\"  \/><\/p>\n<p>Schon 1876 war in London mit dem Glaciarium die erste Kunsteisbahn der Welt eingeweiht worden. In Hamburg fanden zwar &#8211; heute kaum vor\/stellbar &#8211; 1891 die ersten Europameisterschaften im Eiskunstlaufen statt, k\u00fcnstliche Eisanlagen gab es in der Hansestadt im 19. Jahrhundert aber noch nicht. Die L\u00e4uferInnen des HSC trainierten\u00a0 also zun\u00e4chst auf zugefrorenen Teichen und Seen. Sp\u00e4ter behalf man sich, indem man im Winter Sportpl\u00e4tze mit Wasser berieselte und diese nach \u00dcberfrieren als Eisbahn benutzte. Auch das Heiligengeistfeld ist damals auf diese Weise umfunktioniert worden.<\/p>\n<p>In den 30er Jahren geh\u00f6rte der HSC zu den f\u00fcnf Clubs, die den Eishockeysport in Deutschland popul\u00e4r machten. In seiner Bl\u00fctezeit brachte er einige deutsche Meister hervor. Im Eisschnelllauf beispielsweise Rolf Spardel; in der Sparte Eiskunstlauf taten sich B\u00e4rbel Martin, Inge Paul und Eileen Zimmer hervor. Christa Burmeister gewann zweimal die deutschen Meisterschaften im Rollkunstlauf.<\/p>\n<p>1985 wurde dem HSC die &#8222;Sportplakette des Bundespr\u00e4sidenten&#8220; verliehen, als Auszeichnung f\u00fcr die in seiner langj\u00e4hrigen Existenz erworbenen besonderen Verdienste um die Pflege und Entwicklung des Eissports.<\/p>\n<p>Im Jahre 2006 feierte der HSC sein 125j\u00e4hriges Bestehen von auch heute noch eine <a href=\"http:\/\/hsc1881.de\/eiskunstlauf\/wp-content\/uploads\/2014\/11\/Geschichte-des-HSC.pdf\" target=\"_blank\">Geschichte-des-HSC<\/a> zeugt.<\/p>\n<p>Heute z\u00e4hlt der Verein rund 140 Mitglieder. Um die 70 Eiskunst- und schnelll\u00e4ufer trainieren aktiv und nehmen an zahlreichen nationalen und internationalen Meisterschaften teil. Das Training findet auf der Eisbahn in den Wallanlagen (Indoo Eisarena), in der Eissporthalle Farmsen, auf der Kunsteisbahn Stellingen und gelegentlich in der Volksbankarena statt.<\/p>\n<p>Als H\u00f6hepunkt der Saison veranstaltet der HSC jedes Jahr den &#8222;Hamburger Michel&#8220;, einen internationalen Wettbewerb, bei dem viele europ\u00e4ische Nachbarn ihr K\u00f6nnen im Eiskunstlauf beweisen. Im April 2009 feierte der HSC das 15-j\u00e4hrige Jubil\u00e4um des &#8222;Michels&#8220;.<\/p>\n","protected":false},"excerpt":{"rendered":"<p>Der Hamburger Schlittschuhclub (HSC) wurde im Jahr 1881 gegr\u00fcndet. Damit ist er der \u00e4lteste Eislaufverein Deutschlands und blickt auf eine lange Geschichte zur\u00fcck. Fr\u00fcher umfasste er s\u00e4mtliche Sparten des Eissportes, also auch Eishockey. Heute wird im HSC Eiskunst- und Eisschnelllauf betrieben. Schon 1876 war in London mit dem Glaciarium die erste Kunsteisbahn der Welt eingeweiht [&hellip;]<\/p>\n","protected":false},"author":11,"featured_media":0,"parent":0,"menu_order":2,"comment_status":"closed","ping_status":"open","template":"page-c2right.php","meta":{"ngg_post_thumbnail":0,"footnotes":""},"class_list":["post-6","page","type-page","status-publish","hentry"],"_links":{"self":[{"href":"https:\/\/hsc1881.de\/eiskunstlauf\/wp-json\/wp\/v2\/pages\/6","targetHints":{"allow":["GET"]}}],"collection":[{"href":"https:\/\/hsc1881.de\/eiskunstlauf\/wp-json\/wp\/v2\/pages"}],"about":[{"href":"https:\/\/hsc1881.de\/eiskunstlauf\/wp-json\/wp\/v2\/types\/page"}],"author":[{"embeddable":true,"href":"https:\/\/hsc1881.de\/eiskunstlauf\/wp-json\/wp\/v2\/users\/11"}],"replies":[{"embeddable":true,"href":"https:\/\/hsc1881.de\/eiskunstlauf\/wp-json\/wp\/v2\/comments?post=6"}],"version-history":[{"count":9,"href":"https:\/\/hsc1881.de\/eiskunstlauf\/wp-json\/wp\/v2\/pages\/6\/revisions"}],"predecessor-version":[{"id":2577,"href":"https:\/\/hsc1881.de\/eiskunstlauf\/wp-json\/wp\/v2\/pages\/6\/revisions\/2577"}],"wp:attachment":[{"href":"https:\/\/hsc1881.de\/eiskunstlauf\/wp-json\/wp\/v2\/media?parent=6"}],"curies":[{"name":"wp","href":"https:\/\/api.w.org\/{rel}","templated":true}]}}