{"id":69,"date":"2009-10-10T16:53:38","date_gmt":"2009-10-10T14:53:38","guid":{"rendered":"http:\/\/www.hsc1881.de\/blog\/?page_id=69"},"modified":"2023-11-02T01:08:29","modified_gmt":"2023-11-02T00:08:29","slug":"mitglied-werden","status":"publish","type":"page","link":"https:\/\/hsc1881.de\/eiskunstlauf\/verein\/mitglied-werden\/","title":{"rendered":"Mitglied werden"},"content":{"rendered":"<h3>Sie m\u00f6chten Mitglied werden im HSC?<\/h3>\n<p>F\u00fcr Anf\u00e4nger, den Erwachsenenbreitensport und die Leistungsgruppen gibt es unterschiedliche Trainingspakete.<br \/>\nUnsere Trainer beraten Sie gerne, welche Trainingsgruppe f\u00fcr Sie oder f\u00fcr Ihr Kind geeignet ist.<\/p>\n<p>Nutzen Sie bitte das Formular <a href=\"https:\/\/hsc1881.de\/eiskunstlauf\/wp-content\/uploads\/2023\/11\/HSC-Aufnahme-Antrag.pdf\" target=\"_blank\" rel=\"noopener noreferrer\">HSC Aufnahme-Antrag<\/a>&nbsp;und nehmen Sie die <a href=\"https:\/\/hsc1881.de\/eiskunstlauf\/wp-content\/uploads\/2023\/11\/Datenschutzerklaerung-HSC.pdf\" target=\"_blank\" rel=\"noopener\">Datenschutzerkl\u00e4rung des HSC<\/a>&nbsp;zur Kenntnis.<\/p>\n<p><small>Zum Ausf\u00fcllen direkt auf dem Rechner speichern und z.B. mit dem Adobe Acrobat Reader \u00f6ffnen<\/small><\/p>\n","protected":false},"excerpt":{"rendered":"<p>Sie m\u00f6chten Mitglied werden im HSC? F\u00fcr Anf\u00e4nger, den Erwachsenenbreitensport und die Leistungsgruppen gibt es unterschiedliche Trainingspakete. Unsere Trainer beraten Sie gerne, welche Trainingsgruppe f\u00fcr Sie oder f\u00fcr Ihr Kind geeignet ist. Nutzen Sie bitte das Formular HSC Aufnahme-Antrag&nbsp;und nehmen Sie die Datenschutzerkl\u00e4rung des HSC&nbsp;zur Kenntnis. Zum Ausf\u00fcllen direkt auf dem Rechner speichern und z.B. [&hellip;]<\/p>\n","protected":false},"author":11,"featured_media":0,"parent":6,"menu_order":8,"comment_status":"closed","ping_status":"open","template":"page-c2right.php","meta":{"ngg_post_thumbnail":0,"footnotes":""},"class_list":["post-69","page","type-page","status-publish","hentry"],"_links":{"self":[{"href":"https:\/\/hsc1881.de\/eiskunstlauf\/wp-json\/wp\/v2\/pages\/69","targetHints":{"allow":["GET"]}}],"collection":[{"href":"https:\/\/hsc1881.de\/eiskunstlauf\/wp-json\/wp\/v2\/pages"}],"about":[{"href":"https:\/\/hsc1881.de\/eiskunstlauf\/wp-json\/wp\/v2\/types\/page"}],"author":[{"embeddable":true,"href":"https:\/\/hsc1881.de\/eiskunstlauf\/wp-json\/wp\/v2\/users\/11"}],"replies":[{"embeddable":true,"href":"https:\/\/hsc1881.de\/eiskunstlauf\/wp-json\/wp\/v2\/comments?post=69"}],"version-history":[{"count":16,"href":"https:\/\/hsc1881.de\/eiskunstlauf\/wp-json\/wp\/v2\/pages\/69\/revisions"}],"predecessor-version":[{"id":5505,"href":"https:\/\/hsc1881.de\/eiskunstlauf\/wp-json\/wp\/v2\/pages\/69\/revisions\/5505"}],"up":[{"embeddable":true,"href":"https:\/\/hsc1881.de\/eiskunstlauf\/wp-json\/wp\/v2\/pages\/6"}],"wp:attachment":[{"href":"https:\/\/hsc1881.de\/eiskunstlauf\/wp-json\/wp\/v2\/media?parent=69"}],"curies":[{"name":"wp","href":"https:\/\/api.w.org\/{rel}","templated":true}]}}