{"id":8,"date":"2014-10-18T13:36:49","date_gmt":"2014-10-18T11:36:49","guid":{"rendered":"http:\/\/www.hsc1881.de\/blog\/?page_id=8"},"modified":"2024-10-13T23:47:28","modified_gmt":"2024-10-13T21:47:28","slug":"hamburger-michel","status":"publish","type":"page","link":"https:\/\/hsc1881.de\/eiskunstlauf\/hamburger-michel\/","title":{"rendered":"Hamburger Michel"},"content":{"rendered":"<p><!--<a href=\"http:\/\/hsc1881.de\/eiskunstlauf\/wp-content\/uploads\/2014\/10\/Michel_Logo15.jpg\"><img decoding=\"async\" class=\"alignleft size-medium wp-image-2507\" style=\"padding-right: 15px;\" src=\"http:\/\/hsc1881.de\/eiskunstlauf\/wp-content\/uploads\/2014\/10\/Michel_Logo15-300x300.jpg\" alt=\"Hamburger Michel 2015\" height=\"300\" \/><\/a> --><\/p>\n<p>&nbsp;<\/p>\n<p>Seit 1993 veranstaltet der HSC als H\u00f6hepunkt seiner Eiskunstlaufsaison Ende M\u00e4rz \/ Anfang April den Hamburger Michel, einen internationalen Eiskunstlaufwettbewerb, der vor allem f\u00fcr jugendliche Nachwuchsl\u00e4uferInnen gedacht ist, aber ebenso Wettkampfteile f\u00fcr j\u00fcngere L\u00e4uferInnen, f\u00fcr StarterInnen aus der Meisterklasse und seit einigen Jahren auch f\u00fcr Hobbyl\u00e4ufer umfasst.<\/p>\n<p><b>Gewertet wird nach dem neuen Wertungssystem NJS (New Judging System)<\/b><br \/>\n<img decoding=\"async\" src=\"http:\/\/hsc1881.de\/eiskunstlauf\/wp-content\/uploads\/2018\/02\/Panel-HSC.jpg\"><\/p>\n<p><img decoding=\"async\" src=\"https:\/\/hsc1881.de\/eiskunstlauf\/wp-content\/uploads\/2024\/10\/ISU-Master.jpg\"><\/p>\n<p><img decoding=\"async\" src=\"https:\/\/hsc1881.de\/eiskunstlauf\/wp-content\/uploads\/2024\/10\/ISU-Presenter.jpg\"><\/p>\n","protected":false},"excerpt":{"rendered":"<p>&nbsp; Seit 1993 veranstaltet der HSC als H\u00f6hepunkt seiner Eiskunstlaufsaison Ende M\u00e4rz \/ Anfang April den Hamburger Michel, einen internationalen Eiskunstlaufwettbewerb, der vor allem f\u00fcr jugendliche Nachwuchsl\u00e4uferInnen gedacht ist, aber ebenso Wettkampfteile f\u00fcr j\u00fcngere L\u00e4uferInnen, f\u00fcr StarterInnen aus der Meisterklasse und seit einigen Jahren auch f\u00fcr Hobbyl\u00e4ufer umfasst. Gewertet wird nach dem neuen Wertungssystem NJS [&hellip;]<\/p>\n","protected":false},"author":11,"featured_media":0,"parent":0,"menu_order":5,"comment_status":"closed","ping_status":"open","template":"","meta":{"ngg_post_thumbnail":0,"footnotes":""},"class_list":["post-8","page","type-page","status-publish","hentry"],"_links":{"self":[{"href":"https:\/\/hsc1881.de\/eiskunstlauf\/wp-json\/wp\/v2\/pages\/8","targetHints":{"allow":["GET"]}}],"collection":[{"href":"https:\/\/hsc1881.de\/eiskunstlauf\/wp-json\/wp\/v2\/pages"}],"about":[{"href":"https:\/\/hsc1881.de\/eiskunstlauf\/wp-json\/wp\/v2\/types\/page"}],"author":[{"embeddable":true,"href":"https:\/\/hsc1881.de\/eiskunstlauf\/wp-json\/wp\/v2\/users\/11"}],"replies":[{"embeddable":true,"href":"https:\/\/hsc1881.de\/eiskunstlauf\/wp-json\/wp\/v2\/comments?post=8"}],"version-history":[{"count":28,"href":"https:\/\/hsc1881.de\/eiskunstlauf\/wp-json\/wp\/v2\/pages\/8\/revisions"}],"predecessor-version":[{"id":5653,"href":"https:\/\/hsc1881.de\/eiskunstlauf\/wp-json\/wp\/v2\/pages\/8\/revisions\/5653"}],"wp:attachment":[{"href":"https:\/\/hsc1881.de\/eiskunstlauf\/wp-json\/wp\/v2\/media?parent=8"}],"curies":[{"name":"wp","href":"https:\/\/api.w.org\/{rel}","templated":true}]}}