{"id":987,"date":"2017-09-25T10:04:03","date_gmt":"2017-09-25T08:04:03","guid":{"rendered":"http:\/\/www.hsc1881.de\/blog\/?page_id=987"},"modified":"2025-11-08T14:45:24","modified_gmt":"2025-11-08T13:45:24","slug":"hsc-trainingszeiten","status":"publish","type":"page","link":"https:\/\/hsc1881.de\/eiskunstlauf\/training\/hsc-trainingszeiten\/","title":{"rendered":"HSC Trainingszeiten Saison 2025\/2026"},"content":{"rendered":"\n<p>Teilnahme erst nach vorheriger Anmeldung m\u00f6glich<\/p>\n\n\n<p><br><strong>Termine Saison Oktober 2025 &#8211; M\u00e4rz 2026<\/strong><br><span style=\"font-size: smaller;\">Stand: 03.11.2025 (\u00c4nderungen vorbehalten)<\/span><\/p>\n\n\n\n<table id=\"tablepress-18\" class=\"tablepress tablepress-id-18 tbody-has-connected-cells\">\n<thead>\n<tr class=\"row-1\">\n\t<th class=\"column-1\">Tag<\/th><th class=\"column-2\">Ort<\/th><th class=\"column-3\">Uhrzeit<\/th><th class=\"column-4\">Trainingsgruppe<\/th>\n<\/tr>\n<\/thead>\n<tbody class=\"row-striping row-hover\">\n<tr class=\"row-2\">\n\t<td colspan=\"4\" class=\"column-1\"><strong>Eisbahn INDOO<\/strong> (Planten un Blomen) ab Anfang November 2025 bis Anfang M\u00e4rz 2026<br>(kein Training in den Hamburger Weihnachtsferien)<\/td>\n<\/tr>\n<tr class=\"row-3\">\n\t<td class=\"column-1\">Montag          <\/td><td class=\"column-2\">INDOO<\/td><td class=\"column-3\">20:00-21:30<\/td><td class=\"column-4\">Anf\u00e4nger Erwachsene und Fortgeschrittene Erwachsene<br>2 Gruppen<\/td>\n<\/tr>\n<tr class=\"row-4\">\n\t<td class=\"column-1\">Dienstag<\/td><td class=\"column-2\">INDOO<\/td><td class=\"column-3\">20:30-22:00<\/td><td class=\"column-4\">Anf\u00e4nger Erwachsene und Fortgeschrittene Erwachsene<br>2 Gruppen<\/td>\n<\/tr>\n<tr class=\"row-5\">\n\t<td class=\"column-1\">Mittwoch<\/td><td class=\"column-2\">INDOO<\/td><td class=\"column-3\">16:00-17:30<\/td><td class=\"column-4\">Kinder \u00dc8\/Jugendliche  und Anf\u00e4nger<br>2 Gruppen<\/td>\n<\/tr>\n<tr class=\"row-6\">\n\t<td class=\"column-1\">Donnerstag <\/td><td class=\"column-2\">INDOO<\/td><td class=\"column-3\">16:30-18:00<\/td><td class=\"column-4\">Kinder \u00dc8\/Jugendliche  und Anf\u00e4nger<br>2 Gruppen<\/td>\n<\/tr>\n<tr class=\"row-7\">\n\t<td class=\"column-1\">           <\/td><td class=\"column-2\">INDOO<\/td><td class=\"column-3\">18:15-19:45<\/td><td class=\"column-4\">Anf\u00e4nger Erwachsene und Fortgeschrittene Erwachsene<br>2 Gruppen<\/td>\n<\/tr>\n<tr class=\"row-8\">\n\t<td class=\"column-1\">Samstag<\/td><td class=\"column-2\">INDOO<\/td><td class=\"column-3\">08:30-10:00<\/td><td class=\"column-4\"><strong>Anf\u00e4nger Kinder U 8 Jahre<\/strong> und Erwachsene Fortgeschrittene<br>2 Gruppen<\/td>\n<\/tr>\n<tr class=\"row-9\">\n\t<td class=\"column-1\">Sonntag<\/td><td class=\"column-2\">INDOO<\/td><td class=\"column-3\">08:30-10:00<\/td><td class=\"column-4\">Erwachsene Fortgeschrittene<br>1 Gruppe<\/td>\n<\/tr>\n<\/tbody>\n<\/table>\n\n\n<p>Die Zeiten f\u00fcr das Eisland Farmsen sind derzeit noch in der \u00dcberarbeitung<\/p>\n\n<p class=\"has-small-font-size\"><\/p>\n\n\n\n<p><\/p>\n","protected":false},"excerpt":{"rendered":"<p>Teilnahme erst nach vorheriger Anmeldung m\u00f6glich Termine Saison Oktober 2025 &#8211; M\u00e4rz 2026Stand: 03.11.2025 (\u00c4nderungen vorbehalten) Die Zeiten f\u00fcr das Eisland Farmsen sind derzeit noch in der \u00dcberarbeitung<\/p>\n","protected":false},"author":11,"featured_media":0,"parent":2,"menu_order":1,"comment_status":"closed","ping_status":"open","template":"","meta":{"ngg_post_thumbnail":0,"footnotes":""},"class_list":["post-987","page","type-page","status-publish","hentry"],"_links":{"self":[{"href":"https:\/\/hsc1881.de\/eiskunstlauf\/wp-json\/wp\/v2\/pages\/987","targetHints":{"allow":["GET"]}}],"collection":[{"href":"https:\/\/hsc1881.de\/eiskunstlauf\/wp-json\/wp\/v2\/pages"}],"about":[{"href":"https:\/\/hsc1881.de\/eiskunstlauf\/wp-json\/wp\/v2\/types\/page"}],"author":[{"embeddable":true,"href":"https:\/\/hsc1881.de\/eiskunstlauf\/wp-json\/wp\/v2\/users\/11"}],"replies":[{"embeddable":true,"href":"https:\/\/hsc1881.de\/eiskunstlauf\/wp-json\/wp\/v2\/comments?post=987"}],"version-history":[{"count":97,"href":"https:\/\/hsc1881.de\/eiskunstlauf\/wp-json\/wp\/v2\/pages\/987\/revisions"}],"predecessor-version":[{"id":5801,"href":"https:\/\/hsc1881.de\/eiskunstlauf\/wp-json\/wp\/v2\/pages\/987\/revisions\/5801"}],"up":[{"embeddable":true,"href":"https:\/\/hsc1881.de\/eiskunstlauf\/wp-json\/wp\/v2\/pages\/2"}],"wp:attachment":[{"href":"https:\/\/hsc1881.de\/eiskunstlauf\/wp-json\/wp\/v2\/media?parent=987"}],"curies":[{"name":"wp","href":"https:\/\/api.w.org\/{rel}","templated":true}]}}